{"id":1115,"date":"2021-04-22T04:03:27","date_gmt":"2021-04-22T02:03:27","guid":{"rendered":"https:\/\/www.rumialfa.com\/?page_id=1115"},"modified":"2021-04-22T04:03:27","modified_gmt":"2021-04-22T02:03:27","slug":"proteccion-de-datos","status":"publish","type":"page","link":"https:\/\/www.rumialfa.com\/es\/proteccion-de-datos\/","title":{"rendered":"Protecci\u00f3n de datos"},"content":{"rendered":"[vc_row][vc_column][vc_column_text css=\u00bb.vc_custom_1619057002247{margin-bottom: 0px !important;}\u00bb]ALFALFA MONEGROS S.L. en cumplimiento de lo establecido en el Reglamento General de Protecci\u00f3n de datos (RGPD 2016\/679), informa a los usuarios de la p\u00e1gina web www.rumialfa.com:<\/p>\n<h2>\u00bfQui\u00e9n es el responsable del tratamiento de sus datos?<\/h2>\n<p>Los datos que nos faciliten el usuario a trav\u00e9s de los formularios de esta p\u00e1gina web se incorporar\u00e1n a tratamientos cuyo responsable es ALFALFA MONEGROS S.L. con CIF B22213664 y domicilio a efectos de notificaciones en Ctra. de Zaragoza. 22200 Sari\u00f1ena \u2022 Huesca \u2022 Spain.<br \/>\nPuede contactar a trav\u00e9s del correo electr\u00f3nico alfalfamonegros@alfalfamonegros.com<\/p>\n<h2>\u00bfCon que finalidad recogemos sus datos y base jur\u00eddica parar tratar sus datos?<\/h2>\n<p><strong>FORMULARIO DE CONTACTO<\/strong><\/p>\n<table>\n<tbody>\n<tr>\n<td colspan=\"2\"><strong>FINALIDAD<\/strong><\/td>\n<td><strong>BASE JUR\u00cdDICA<\/strong><\/td>\n<\/tr>\n<tr>\n<td colspan=\"2\">Poder contestar las consultas planteadas y enviar al usuario la informaci\u00f3n solicitada a trav\u00e9s del correo electr\u00f3nico o tel\u00e9fono indicados en el formulario<\/td>\n<td>Es el consentimiento del usuario<\/td>\n<\/tr>\n<tr>\n<td>Facturaci\u00f3n de los servicios solicitados, en su caso<\/td>\n<td colspan=\"2\">Es la obligaci\u00f3n legal de ALFALFA MONEGROS S.L. de cumplir con sus obligaciones fiscales y tributarias<\/td>\n<\/tr>\n<\/tbody>\n<\/table>\n<p><strong>CORREO ELECTR\u00d3NICO<\/strong><\/p>\n<table>\n<tbody>\n<tr>\n<td><strong>FINALIDAD<\/strong><\/td>\n<td><strong>BASE JUR\u00cdDICA<\/strong><\/td>\n<\/tr>\n<tr>\n<td>Si el usuario se pone en contacto a trav\u00e9s del correo electr\u00f3nico publicado en esta p\u00e1gina web, sus datos ser\u00e1n tratados para contestar las consultas planteadas y poderle enviar la informaci\u00f3n solicitada a trav\u00e9s del correo electr\u00f3nico a trav\u00e9s del cual se recibe la consulta<\/td>\n<td>Es el inter\u00e9s leg\u00edtimo de nuestra empresa de responder a las comunicaciones recibidas<\/td>\n<\/tr>\n<\/tbody>\n<\/table>\n<h2>\u00bfQu\u00e9 categor\u00eda de datos tratamos?<\/h2>\n<p>Los datos que se recaban, de forma enunciativa que no limitativa, se refieren a la categor\u00eda de datos identificativos, como pueden ser: Nombre y apellidos, Tel\u00e9fono, Direcci\u00f3n Postal, Empresa, Correo Electr\u00f3nico, as\u00ed como la direcci\u00f3n IP desde donde accede al formulario de recogida de datos.<\/p>\n<h2>\u00bfCu\u00e1nto tiempo conservamos sus datos?<\/h2>\n<p><strong>DATOS PERSONALES FORMULARIOS P\u00c1GINA WEB<\/strong><\/p>\n<p>Los datos recogidos a trav\u00e9s de los formularios de nuestra p\u00e1gina web ser\u00e1n conservados mientras que el usuario no solicite su supresi\u00f3n.<\/p>\n<h2>\u00bfRealizamos perfiles con sus datos?<\/h2>\n<p>No se tomar\u00e1n decisiones automatizadas ni se realizar\u00e1n perfiles.<\/p>\n<h2>\u00bfA qui\u00e9n cedemos sus datos?<\/h2>\n<p>No se prev\u00e9n cesiones de datos ni transferencias internacionales de sus datos, a excepci\u00f3n de las autorizadas por la legislaci\u00f3n fiscal, mercantil y de telecomunicaciones, as\u00ed como en aquellos casos en los que una autoridad judicial nos lo requiera.<\/p>\n<h2>\u00bfQu\u00e9 terceros prestan servicios en esta web?<\/h2>\n<p>Para el desarrollo de esta p\u00e1gina web se utilizan los siguientes proveedores de servicios:<\/p>\n<p>Hosting: Los servidores donde est\u00e1 alojada nuestra p\u00e1gina web est\u00e1n ubicados en la UE. Utiliza protocolos seguros con lo que la comunicaci\u00f3n de datos se hace a trav\u00e9s de canal cifrado.<\/p>\n<h2>\u00bfQu\u00e9 derechos tiene y como ejercerlos?<\/h2>\n<p>El usuario tiene derecho a acceder a sus datos personales, a solicitar la rectificaci\u00f3n de los que sean inexactos, as\u00ed como a su supresi\u00f3n cuando, entre otros motivos, ya no sean necesarios para los fines que fueron recogidos. En determinadas circunstancias, tambi\u00e9n podr\u00e1 solicitar la limitaci\u00f3n de su tratamiento, en cuyo caso \u00fanicamente se conservar\u00e1n para el ejercicio o la defensa de reclamaciones, as\u00ed como pedir la portabilidad de sus datos. Por motivos relacionados con su situaci\u00f3n particular, podr\u00e1 oponerse al tratamiento de los mismos y ALFALFA MONEGROS S.L. dejar\u00e1 de tratarlos, salvo por motivos leg\u00edtimos imperiosos, o el ejercicio o la defensa de posibles reclamaciones.<\/p>\n<p>El solicitante podr\u00e1 revocar los consentimientos prestados en cualquier momento. El solicitante podr\u00e1 ejercer sus derechos a trav\u00e9s del correo electr\u00f3nico alfalfamonegros@alfalfamonegros.com o en las oficinas situadas en Ctra. de Zaragoza. 22200 Sari\u00f1ena \u2022 Huesca \u2022 Spain adjuntando fotocopia del DNI e indicando el derecho que ejercita. Ud. tambi\u00e9n podr\u00e1 presentar una reclamaci\u00f3n ante la Agencia Espa\u00f1ola de Protecci\u00f3n de Datos.<\/p>\n<h2>\u00bfQu\u00e9 medidas de seguridad tenemos implantadas?<\/h2>\n<p>Dentro de nuestro compromiso por garantizar la seguridad y confidencialidad de sus datos de car\u00e1cter personal, le informamos que se han adoptado las medidas de \u00edndole t\u00e9cnica y organizativas necesarias para garantizar la seguridad de los datos de car\u00e1cter personal y evitar su alteraci\u00f3n, p\u00e9rdida, tratamiento o acceso no autorizado, habida cuenta del estado de la tecnolog\u00eda, la naturaleza de los datos almacenados y los riesgos a que est\u00e9n expuestos, seg\u00fan el Art. 32 del RGPD EU 679\/2016.[\/vc_column_text][\/vc_column][\/vc_row]\n","protected":false},"excerpt":{"rendered":"<p>[vc_row][vc_column][vc_column_text css=\u00bb.vc_custom_1619057002247{margin-bottom: 0px !important;}\u00bb]ALFALFA MONEGROS S.L. en cumplimiento de lo establecido en el Reglamento General de Protecci\u00f3n de datos (RGPD 2016\/679), informa a los usuarios de la p\u00e1gina web www.rumialfa.com: \u00bfQui\u00e9n es el responsable del tratamiento de sus datos? Los datos que nos faciliten el usuario a trav\u00e9s de los formularios de esta p\u00e1gina web [&hellip;]<\/p>\n","protected":false},"author":1,"featured_media":0,"parent":0,"menu_order":0,"comment_status":"closed","ping_status":"closed","template":"","meta":{"footnotes":""},"class_list":["post-1115","page","type-page","status-publish","hentry"],"_links":{"self":[{"href":"https:\/\/www.rumialfa.com\/es\/wp-json\/wp\/v2\/pages\/1115","targetHints":{"allow":["GET"]}}],"collection":[{"href":"https:\/\/www.rumialfa.com\/es\/wp-json\/wp\/v2\/pages"}],"about":[{"href":"https:\/\/www.rumialfa.com\/es\/wp-json\/wp\/v2\/types\/page"}],"author":[{"embeddable":true,"href":"https:\/\/www.rumialfa.com\/es\/wp-json\/wp\/v2\/users\/1"}],"replies":[{"embeddable":true,"href":"https:\/\/www.rumialfa.com\/es\/wp-json\/wp\/v2\/comments?post=1115"}],"version-history":[{"count":1,"href":"https:\/\/www.rumialfa.com\/es\/wp-json\/wp\/v2\/pages\/1115\/revisions"}],"predecessor-version":[{"id":1116,"href":"https:\/\/www.rumialfa.com\/es\/wp-json\/wp\/v2\/pages\/1115\/revisions\/1116"}],"wp:attachment":[{"href":"https:\/\/www.rumialfa.com\/es\/wp-json\/wp\/v2\/media?parent=1115"}],"curies":[{"name":"wp","href":"https:\/\/api.w.org\/{rel}","templated":true}]}}