{"id":149,"date":"2021-03-24T16:17:38","date_gmt":"2021-03-24T15:17:38","guid":{"rendered":"https:\/\/www.rumialfa.com\/?page_id=149"},"modified":"2025-05-19T13:38:25","modified_gmt":"2025-05-19T11:38:25","slug":"variedades","status":"publish","type":"page","link":"https:\/\/www.rumialfa.com\/es\/variedades\/","title":{"rendered":"Variedades Rumialfa"},"content":{"rendered":"[vc_row fullwidth=\u00bbtrue\u00bb fullwidth_content=\u00bbfalse\u00bb css=\u00bb.vc_custom_1616605387336{background-image: url(https:\/\/www.rumialfa.com\/wp-content\/uploads\/2021\/03\/temporal2.jpg?id=339) !important;background-position: center !important;background-repeat: no-repeat !important;background-size: cover !important;}\u00bb][vc_column][mk_fancy_title tag_name=\u00bbh1&#8243; color=\u00bb#ffffff\u00bb size=\u00bb36&#8243; font_weight=\u00bb400&#8243; margin_top=\u00bb240&#8243; margin_bottom=\u00bb0&#8243; font_family=\u00bbnone\u00bb drop_shadow=\u00bbtrue\u00bb shadow_color=\u00bb#000000&#8243;]Variedades Rumialfa[\/mk_fancy_title][\/vc_column][\/vc_row][vc_row fullwidth=\u00bbtrue\u00bb fullwidth_content=\u00bbfalse\u00bb css=\u00bb.vc_custom_1616608215253{padding-top: 35px !important;padding-bottom: 20px !important;background-color: #ededed !important;}\u00bb][vc_column][vc_column_text disable_pattern=\u00bbfalse\u00bb css=\u00bb.vc_custom_1618482084927{margin-bottom: 0px !important;}\u00bb]<span style=\"color: #5c9731;\">Alfalfa RUMIALFA<\/span> es rica en prote\u00ednas, vitaminas y minerales. Incrementa la producci\u00f3n de leche y carne, y mejora la salud y fertilidad de los animales rumiantes.<\/p>\n<p>Nuestra experiencia en la producci\u00f3n y transformaci\u00f3n de la alfalfa, unida a la investigaci\u00f3n permanente, nos permite ofrecer una amplia variedad de balas de <span style=\"color: #5c9731;\">Alfalfa RUMIALFA<\/span> que se adaptan a las necesidades de cada explotaci\u00f3n ganadera.<\/p>\n<p>Hemos creado <span style=\"color: #5c9731;\">9 variedades de balas RUMIALFA<\/span>, con distintas composiciones y mezclas de productos naturales para cada tipo de alimentaci\u00f3n animal.[\/vc_column_text][\/vc_column][\/vc_row][vc_row][vc_column width=\u00bb1\/3&#8243; el_class=\u00bbitemProducto\u00bb][vc_raw_html css=\u00bb.vc_custom_1616603611893{margin-top: 0px !important;margin-bottom: 0px !important;padding-top: 0px !important;padding-bottom: 0px !important;}\u00bb el_class=\u00bbproductoNumero\u00bb]JTNDcCUzRTElM0MlMkZwJTNF[\/vc_raw_html][vc_single_image image=\u00bb245&#8243; img_size=\u00bbfull\u00bb alignment=\u00bbcenter\u00bb][vc_column_text disable_pattern=\u00bbfalse\u00bb align=\u00bbcenter\u00bb el_class=\u00bbdescripcionProducto\u00bb css=\u00bb.vc_custom_1618484204499{margin-bottom: 0px !important;}\u00bb]70% alfalfa color verde.<\/p>\n<p>30% alfalfa pellets.<\/p>\n<p><span style=\"color: #5c9731;\">18,5% prote\u00edna.<\/span>[\/vc_column_text][\/vc_column][vc_column width=\u00bb1\/3&#8243; el_class=\u00bbitemProducto\u00bb][vc_raw_html css=\u00bb.vc_custom_1616603617449{margin-top: 0px !important;margin-bottom: 0px !important;padding-top: 0px !important;padding-bottom: 0px !important;}\u00bb el_class=\u00bbproductoNumero\u00bb]JTNDcCUzRTIlM0MlMkZwJTNF[\/vc_raw_html][vc_single_image image=\u00bb238&#8243; img_size=\u00bbfull\u00bb alignment=\u00bbcenter\u00bb][vc_column_text disable_pattern=\u00bbfalse\u00bb align=\u00bbcenter\u00bb el_class=\u00bbdescripcionProducto\u00bb css=\u00bb.vc_custom_1618484216433{margin-bottom: 0px !important;}\u00bb]70% alfalfa color verde.<\/p>\n<p>30% alfalfa pellets.<\/p>\n<p><span style=\"color: #5c9731;\">17% prote\u00edna.<\/span>[\/vc_column_text][\/vc_column][vc_column width=\u00bb1\/3&#8243; el_class=\u00bbitemProducto\u00bb][vc_raw_html css=\u00bb.vc_custom_1616603623293{margin-top: 0px !important;margin-bottom: 0px !important;padding-top: 0px !important;padding-bottom: 0px !important;}\u00bb el_class=\u00bbproductoNumero\u00bb]JTNDcCUzRTMlM0MlMkZwJTNF[\/vc_raw_html][vc_single_image image=\u00bb231&#8243; img_size=\u00bbfull\u00bb alignment=\u00bbcenter\u00bb][vc_column_text disable_pattern=\u00bbfalse\u00bb align=\u00bbcenter\u00bb el_class=\u00bbdescripcionProducto\u00bb css=\u00bb.vc_custom_1618526835575{margin-bottom: 0px !important;}\u00bb]Alfalfa color verde.<\/p>\n<p><span style=\"color: #5c9731;\">17% prote\u00edna.<\/span>[\/vc_column_text][\/vc_column][\/vc_row][vc_row][vc_column width=\u00bb1\/3&#8243; el_class=\u00bbitemProducto\u00bb][vc_raw_html css=\u00bb.vc_custom_1616603629210{margin-top: 0px !important;margin-bottom: 0px !important;padding-top: 0px !important;padding-bottom: 0px !important;}\u00bb el_class=\u00bbproductoNumero\u00bb]JTNDcCUzRTQlM0MlMkZwJTNF[\/vc_raw_html][vc_single_image image=\u00bb252&#8243; img_size=\u00bbfull\u00bb alignment=\u00bbcenter\u00bb][vc_column_text disable_pattern=\u00bbfalse\u00bb align=\u00bbcenter\u00bb el_class=\u00bbdescripcionProducto\u00bb css=\u00bb.vc_custom_1618526843583{margin-bottom: 0px !important;}\u00bb]Alfalfa color verde y amarillo.<\/p>\n<p><span style=\"color: #5c9731;\">17% prote\u00edna.<\/span>[\/vc_column_text][\/vc_column][vc_column width=\u00bb1\/3&#8243; el_class=\u00bbitemProducto\u00bb][vc_raw_html css=\u00bb.vc_custom_1616603636915{margin-top: 0px !important;margin-bottom: 0px !important;padding-top: 0px !important;padding-bottom: 0px !important;}\u00bb el_class=\u00bbproductoNumero\u00bb]JTNDcCUzRTUlM0MlMkZwJTNF[\/vc_raw_html][vc_single_image image=\u00bb259&#8243; img_size=\u00bbfull\u00bb alignment=\u00bbcenter\u00bb][vc_column_text disable_pattern=\u00bbfalse\u00bb align=\u00bbcenter\u00bb el_class=\u00bbdescripcionProducto\u00bb css=\u00bb.vc_custom_1618526852773{margin-bottom: 0px !important;}\u00bb]70% alfalfa color verde y amarillo.<\/p>\n<p>30% alfalfa pellets.<\/p>\n<p><span style=\"color: #5c9731;\">17% prote\u00edna.<\/span>[\/vc_column_text][\/vc_column][vc_column width=\u00bb1\/3&#8243; el_class=\u00bbitemProducto\u00bb][vc_raw_html css=\u00bb.vc_custom_1616603642082{margin-top: 0px !important;margin-bottom: 0px !important;padding-top: 0px !important;padding-bottom: 0px !important;}\u00bb el_class=\u00bbproductoNumero\u00bb]JTNDcCUzRTYlM0MlMkZwJTNF[\/vc_raw_html][vc_single_image image=\u00bb266&#8243; img_size=\u00bbfull\u00bb alignment=\u00bbcenter\u00bb][vc_column_text disable_pattern=\u00bbfalse\u00bb align=\u00bbcenter\u00bb el_class=\u00bbdescripcionProducto\u00bb css=\u00bb.vc_custom_1618526859238{margin-bottom: 0px !important;}\u00bb]60% alfalfa de segunda calidad.<\/p>\n<p>40% paja de cebada.<\/p>\n<p><span style=\"color: #5c9731;\">11% prote\u00edna.<\/span>[\/vc_column_text][\/vc_column][\/vc_row][vc_row equal_columns=\u00bbtrue\u00bb][vc_column width=\u00bb1\/3&#8243; el_class=\u00bbitemProducto\u00bb][vc_raw_html css=\u00bb.vc_custom_1616603647944{margin-top: 0px !important;margin-bottom: 0px !important;padding-top: 0px !important;padding-bottom: 0px !important;}\u00bb el_class=\u00bbproductoNumero\u00bb]JTNDcCUzRTclM0MlMkZwJTNF[\/vc_raw_html][vc_single_image image=\u00bb273&#8243; img_size=\u00bbfull\u00bb alignment=\u00bbcenter\u00bb][vc_column_text disable_pattern=\u00bbfalse\u00bb align=\u00bbcenter\u00bb el_class=\u00bbdescripcionProducto\u00bb css=\u00bb.vc_custom_1618526866576{margin-bottom: 0px !important;}\u00bb]35% alfalfa de segunda calidad.<\/p>\n<p>35% paja de cebada.<\/p>\n<p>30% alfalfa pellets.<\/p>\n<p><span style=\"color: #5c9731;\">11% prote\u00edna.<\/span>[\/vc_column_text][\/vc_column][vc_column width=\u00bb1\/3&#8243; el_class=\u00bbitemProducto\u00bb][vc_raw_html css=\u00bb.vc_custom_1617891593424{margin-top: 0px !important;margin-bottom: 0px !important;padding-top: 0px !important;padding-bottom: 0px !important;}\u00bb el_class=\u00bbproductoNumero\u00bb]JTNDcCUzRTglM0MlMkZwJTNF[\/vc_raw_html][vc_single_image image=\u00bb280&#8243; img_size=\u00bbfull\u00bb alignment=\u00bbcenter\u00bb][vc_column_text disable_pattern=\u00bbfalse\u00bb align=\u00bbcenter\u00bb el_class=\u00bbdescripcionProducto\u00bb css=\u00bb.vc_custom_1618526875520{margin-bottom: 0px !important;}\u00bb]Paja de cebada. Dos tipos.<\/p>\n<p><span style=\"color: #5c9731;\">3,7% prote\u00edna.<\/span><\/p>\n<p><span style=\"color: #5c9731;\">5% prote\u00edna.<\/span>[\/vc_column_text][\/vc_column][vc_column width=\u00bb1\/3&#8243; el_class=\u00bbitemProducto\u00bb][vc_raw_html css=\u00bb.vc_custom_1616603662796{margin-top: 0px !important;margin-bottom: 0px !important;padding-top: 0px !important;padding-bottom: 0px !important;}\u00bb el_class=\u00bbproductoNumero\u00bb]JTNDcCUzRTklM0MlMkZwJTNF[\/vc_raw_html][vc_single_image image=\u00bb287&#8243; img_size=\u00bbfull\u00bb alignment=\u00bbcenter\u00bb][vc_column_text disable_pattern=\u00bbfalse\u00bb align=\u00bbcenter\u00bb el_class=\u00bbdescripcionProducto\u00bb css=\u00bb.vc_custom_1618526882280{margin-bottom: 0px !important;}\u00bb]70% paja de cebada.<\/p>\n<p>30% alfalfa pellets.<\/p>\n<p><span style=\"color: #5c9731;\">6,5% prote\u00edna.<\/span>[\/vc_column_text][\/vc_column][\/vc_row][vc_row fullwidth=\u00bbtrue\u00bb fullwidth_content=\u00bbfalse\u00bb equal_columns=\u00bbtrue\u00bb css=\u00bb.vc_custom_1619052546833{padding-top: 40px !important;padding-bottom: 40px !important;background: #efefef url(https:\/\/www.rumialfa.com\/wp-content\/uploads\/2021\/04\/foto-alfalfa.jpg?id=1094) !important;background-position: center !important;background-repeat: no-repeat !important;background-size: cover !important;}\u00bb][vc_column width=\u00bb1\/2&#8243; css=\u00bb.vc_custom_1617897035137{padding-top: 5px !important;padding-right: 30px !important;padding-bottom: 10px !important;padding-left: 30px !important;background-color: rgba(255,255,255,0.46) !important;*background-color: rgb(255,255,255) !important;}\u00bb][mk_fancy_title strip_tags=\u00bbtrue\u00bb color=\u00bb#ffffff\u00bb size=\u00bb26&#8243; force_font_size=\u00bbtrue\u00bb size_smallscreen=\u00bb20&#8243; size_tablet=\u00bb20&#8243; size_phone=\u00bb20&#8243; margin_bottom=\u00bb0&#8243; font_family=\u00bbnone\u00bb responsive_align=\u00bbleft\u00bb el_class=\u00bbtitleFormato\u00bb]Formato de presentaci\u00f3n[\/mk_fancy_title][mk_fancy_title color=\u00bb#000000&#8243; size=\u00bb32&#8243; force_font_size=\u00bbtrue\u00bb size_smallscreen=\u00bb28&#8243; size_tablet=\u00bb28&#8243; size_phone=\u00bb28&#8243; font_family=\u00bbnone\u00bb responsive_align=\u00bbleft\u00bb]PACA PEQUE\u00d1A DE ALFALFA<br \/>\nPeso 22 Kg.[\/mk_fancy_title][vc_column_text disable_pattern=\u00bbfalse\u00bb el_class=\u00bbdescripcionFicha\u00bb css=\u00bb.vc_custom_1616614232356{margin-bottom: 0px !important;}\u00bb]Proceso especial de manufactura que reduce las part\u00edculas finas y peque\u00f1as y concentra fibras largas efectivas para estimular la rumia y mejorar la digesti\u00f3n.<\/p>\n<p>Alfalfa deshidratada 100% fibra larga.<\/p>\n<p>Humedad m\u00e1xima 12%. Alfalfa no transg\u00e9nica.[\/vc_column_text][\/vc_column][vc_column width=\u00bb1\/2&#8243; css=\u00bb.vc_custom_1617897023252{padding-top: 25px !important;padding-right: 25px !important;padding-bottom: 10px !important;padding-left: 25px !important;background-color: rgba(255,255,255,0.52) !important;*background-color: rgb(255,255,255) !important;}\u00bb][vc_single_image image=\u00bb2091&#8243; img_size=\u00bbfull\u00bb alignment=\u00bbcenter\u00bb css=\u00bb.vc_custom_1747654637848{margin-top: 36px !important;}\u00bb][\/vc_column][\/vc_row]\n","protected":false},"excerpt":{"rendered":"<p>[vc_row fullwidth=\u00bbtrue\u00bb fullwidth_content=\u00bbfalse\u00bb css=\u00bb.vc_custom_1616605387336{background-image: url(https:\/\/www.rumialfa.com\/wp-content\/uploads\/2021\/03\/temporal2.jpg?id=339) !important;background-position: center !important;background-repeat: no-repeat !important;background-size: cover !important;}\u00bb][vc_column][mk_fancy_title tag_name=\u00bbh1&#8243; color=\u00bb#ffffff\u00bb size=\u00bb36&#8243; font_weight=\u00bb400&#8243; margin_top=\u00bb240&#8243; margin_bottom=\u00bb0&#8243; font_family=\u00bbnone\u00bb drop_shadow=\u00bbtrue\u00bb shadow_color=\u00bb#000000&#8243;]Variedades Rumialfa[\/mk_fancy_title][\/vc_column][\/vc_row][vc_row fullwidth=\u00bbtrue\u00bb fullwidth_content=\u00bbfalse\u00bb css=\u00bb.vc_custom_1616608215253{padding-top: 35px !important;padding-bottom: 20px !important;background-color: #ededed !important;}\u00bb][vc_column][vc_column_text disable_pattern=\u00bbfalse\u00bb css=\u00bb.vc_custom_1618482084927{margin-bottom: 0px !important;}\u00bb]Alfalfa RUMIALFA es rica en prote\u00ednas, vitaminas y minerales. Incrementa la producci\u00f3n de leche y carne, y mejora la salud y [&hellip;]<\/p>\n","protected":false},"author":1,"featured_media":0,"parent":0,"menu_order":0,"comment_status":"closed","ping_status":"closed","template":"","meta":{"footnotes":""},"class_list":["post-149","page","type-page","status-publish","hentry"],"_links":{"self":[{"href":"https:\/\/www.rumialfa.com\/es\/wp-json\/wp\/v2\/pages\/149","targetHints":{"allow":["GET"]}}],"collection":[{"href":"https:\/\/www.rumialfa.com\/es\/wp-json\/wp\/v2\/pages"}],"about":[{"href":"https:\/\/www.rumialfa.com\/es\/wp-json\/wp\/v2\/types\/page"}],"author":[{"embeddable":true,"href":"https:\/\/www.rumialfa.com\/es\/wp-json\/wp\/v2\/users\/1"}],"replies":[{"embeddable":true,"href":"https:\/\/www.rumialfa.com\/es\/wp-json\/wp\/v2\/comments?post=149"}],"version-history":[{"count":283,"href":"https:\/\/www.rumialfa.com\/es\/wp-json\/wp\/v2\/pages\/149\/revisions"}],"predecessor-version":[{"id":2100,"href":"https:\/\/www.rumialfa.com\/es\/wp-json\/wp\/v2\/pages\/149\/revisions\/2100"}],"wp:attachment":[{"href":"https:\/\/www.rumialfa.com\/es\/wp-json\/wp\/v2\/media?parent=149"}],"curies":[{"name":"wp","href":"https:\/\/api.w.org\/{rel}","templated":true}]}}