{"id":57,"date":"2021-03-12T03:12:26","date_gmt":"2021-03-12T02:12:26","guid":{"rendered":"https:\/\/www.rumialfa.com\/?page_id=57"},"modified":"2025-05-19T17:56:30","modified_gmt":"2025-05-19T15:56:30","slug":"facil-y-comodo","status":"publish","type":"page","link":"https:\/\/www.rumialfa.com\/es\/facil-y-comodo\/","title":{"rendered":"F\u00e1cil y c\u00f3modo para los ganaderos"},"content":{"rendered":"[vc_row][vc_column][vc_column_text css=\u00bb.vc_custom_1747638176855{margin-bottom: 0px !important;}\u00bb]\n<h2>F\u00e1cilmente manejables<\/h2>\n<p>Con unas dimensiones de 62 cm x 25 cm x 45 cm y un peso de 22 kg., las balas de <span style=\"color: #5c9731;\">alfalfa RUMIALF<\/span>A son f\u00e1cilmente manejables por cualquier persona y no se necesita ning\u00fan medio mec\u00e1nico para su transporte.[\/vc_column_text][\/vc_column][\/vc_row][vc_row][vc_column][mk_gallery images=\u00bb2126,77,78,2158&#8243; column=\u00bb4&#8243; height=\u00bb300&#8243; orderby=\u00bbpost__in\u00bb][\/vc_column][\/vc_row][vc_row][vc_column][vc_column_text css=\u00bb.vc_custom_1747638313351{margin-bottom: 0px !important;}\u00bb]\n<h2>Log\u00edstica. Env\u00edo a destino<\/h2>\n<p><span style=\"color: #5c9731;\">Las pacas de alfalfa<\/span> se env\u00edan a destino en un contenedor mar\u00edtimo tipo HC de 40 pies. 1.080 pacas de alfalfa en 36 pallets con un peso de 24 toneladas.[\/vc_column_text][\/vc_column][\/vc_row]\n","protected":false},"excerpt":{"rendered":"<p>[vc_row][vc_column][vc_column_text css=\u00bb.vc_custom_1747638176855{margin-bottom: 0px !important;}\u00bb] F\u00e1cilmente manejables Con unas dimensiones de 62 cm x 25 cm x 45 cm y un peso de 22 kg., las balas de alfalfa RUMIALFA son f\u00e1cilmente manejables por cualquier persona y no se necesita ning\u00fan medio mec\u00e1nico para su transporte.[\/vc_column_text][\/vc_column][\/vc_row][vc_row][vc_column][mk_gallery images=\u00bb2126,77,78,2158&#8243; column=\u00bb4&#8243; height=\u00bb300&#8243; orderby=\u00bbpost__in\u00bb][\/vc_column][\/vc_row][vc_row][vc_column][vc_column_text css=\u00bb.vc_custom_1747638313351{margin-bottom: 0px !important;}\u00bb] Log\u00edstica. Env\u00edo a [&hellip;]<\/p>\n","protected":false},"author":1,"featured_media":0,"parent":0,"menu_order":0,"comment_status":"closed","ping_status":"closed","template":"","meta":{"footnotes":""},"class_list":["post-57","page","type-page","status-publish","hentry"],"_links":{"self":[{"href":"https:\/\/www.rumialfa.com\/es\/wp-json\/wp\/v2\/pages\/57","targetHints":{"allow":["GET"]}}],"collection":[{"href":"https:\/\/www.rumialfa.com\/es\/wp-json\/wp\/v2\/pages"}],"about":[{"href":"https:\/\/www.rumialfa.com\/es\/wp-json\/wp\/v2\/types\/page"}],"author":[{"embeddable":true,"href":"https:\/\/www.rumialfa.com\/es\/wp-json\/wp\/v2\/users\/1"}],"replies":[{"embeddable":true,"href":"https:\/\/www.rumialfa.com\/es\/wp-json\/wp\/v2\/comments?post=57"}],"version-history":[{"count":24,"href":"https:\/\/www.rumialfa.com\/es\/wp-json\/wp\/v2\/pages\/57\/revisions"}],"predecessor-version":[{"id":99,"href":"https:\/\/www.rumialfa.com\/es\/wp-json\/wp\/v2\/pages\/57\/revisions\/99"}],"wp:attachment":[{"href":"https:\/\/www.rumialfa.com\/es\/wp-json\/wp\/v2\/media?parent=57"}],"curies":[{"name":"wp","href":"https:\/\/api.w.org\/{rel}","templated":true}]}}