{"id":642,"date":"2021-03-31T03:25:22","date_gmt":"2021-03-31T01:25:22","guid":{"rendered":"https:\/\/www.rumialfa.com\/?page_id=642"},"modified":"2025-05-19T18:05:49","modified_gmt":"2025-05-19T16:05:49","slug":"inicio","status":"publish","type":"page","link":"https:\/\/www.rumialfa.com\/es\/","title":{"rendered":"Inicio"},"content":{"rendered":"[vc_row fullwidth=\u00bbtrue\u00bb fullwidth_content=\u00bbfalse\u00bb equal_columns=\u00bbtrue\u00bb css=\u00bb.vc_custom_1619052597207{padding-top: 40px !important;padding-bottom: 40px !important;background: #efefef url(https:\/\/www.rumialfa.com\/wp-content\/uploads\/2021\/04\/foto-alfalfa.jpg?id=1094) !important;background-position: center !important;background-repeat: no-repeat !important;background-size: cover !important;}\u00bb][vc_column width=\u00bb1\/2&#8243; css=\u00bb.vc_custom_1617155181025{padding-top: 5px !important;padding-right: 30px !important;padding-bottom: 10px !important;padding-left: 30px !important;background-color: rgba(255,255,255,0.46) !important;*background-color: rgb(255,255,255) !important;}\u00bb][mk_fancy_title strip_tags=\u00bbtrue\u00bb tag_name=\u00bbspan\u00bb color=\u00bb#ffffff\u00bb size=\u00bb28&#8243; force_font_size=\u00bbtrue\u00bb size_smallscreen=\u00bb20&#8243; size_tablet=\u00bb20&#8243; size_phone=\u00bb20&#8243; margin_bottom=\u00bb0&#8243; font_family=\u00bbnone\u00bb responsive_align=\u00bbleft\u00bb el_class=\u00bbtitleQue\u00bb]Qu\u00e9 es Rumialfa[\/mk_fancy_title][mk_fancy_title color=\u00bb#000000&#8243; size=\u00bb30&#8243; force_font_size=\u00bbtrue\u00bb size_smallscreen=\u00bb28&#8243; size_tablet=\u00bb28&#8243; size_phone=\u00bb28&#8243; font_family=\u00bbnone\u00bb responsive_align=\u00bbleft\u00bb]PACA PEQUE\u00d1A DE ALFALFA<br \/>\nPeso 22 Kg.[\/mk_fancy_title][vc_column_text disable_pattern=\u00bbfalse\u00bb el_class=\u00bbdescripcionFicha\u00bb css=\u00bb.vc_custom_1618521073117{margin-bottom: 0px !important;}\u00bb]Proceso especial de manufactura que reduce las part\u00edculas finas y peque\u00f1as y concentra fibras largas efectivas para estimular la rumia y mejorar la digesti\u00f3n.<\/p>\n<p>Alfalfa deshidratada 100% fibra larga.<\/p>\n<p>Humedad m\u00e1xima 12%. Alfalfa no transg\u00e9nica.[\/vc_column_text][vc_btn title=\u00bbDescargar PDF Ficha Rumialfa\u00bb color=\u00bbblack\u00bb size=\u00bblg\u00bb align=\u00bbcenter\u00bb i_icon_fontawesome=\u00bbfar fa-file-pdf\u00bb button_block=\u00bbtrue\u00bb add_icon=\u00bbtrue\u00bb link=\u00bburl:https%3A%2F%2Fwww.rumialfa.com%2Fwp-content%2Fuploads%2F2021%2F06%2Frumialfa_es.pdf|title:Ficha%20Rumialfa|target:_blank\u00bb el_class=\u00bbbtn_descripcionFicha\u00bb][\/vc_column][vc_column width=\u00bb1\/2&#8243; css=\u00bb.vc_custom_1617155191149{padding-top: 25px !important;padding-right: 25px !important;padding-bottom: 10px !important;padding-left: 25px !important;background-color: rgba(255,255,255,0.52) !important;*background-color: rgb(255,255,255) !important;}\u00bb][vc_single_image image=\u00bb2091&#8243; img_size=\u00bbfull\u00bb alignment=\u00bbcenter\u00bb css=\u00bb.vc_custom_1747654463491{margin-top: 36px !important;}\u00bb][\/vc_column][\/vc_row][vc_row fullwidth=\u00bbtrue\u00bb fullwidth_content=\u00bbfalse\u00bb css=\u00bb.vc_custom_1617156087225{margin-top: 1px !important;padding-top: 25px !important;padding-bottom: 25px !important;background-color: #559821 !important;}\u00bb][vc_column css=\u00bb.vc_custom_1617155832042{padding-top: 0px !important;padding-bottom: 0px !important;}\u00bb][mk_fancy_title tag_name=\u00bbh1&#8243; color=\u00bb#ffffff\u00bb size=\u00bb24&#8243; font_weight=\u00bb400&#8243; txt_transform=\u00bbuppercase\u00bb margin_bottom=\u00bb0&#8243; font_family=\u00bbnone\u00bb align=\u00bbcenter\u00bb el_class=\u00bbtitular\u00bb]Alimento para Rumiantes Productores de Carne y Leche[\/mk_fancy_title][mk_fancy_title tag_name=\u00bbspan\u00bb color=\u00bb#000000&#8243; size=\u00bb24&#8243; font_weight=\u00bb400&#8243; txt_transform=\u00bbuppercase\u00bb margin_bottom=\u00bb0&#8243; font_family=\u00bbnone\u00bb align=\u00bbcenter\u00bb el_class=\u00bbsubTitular\u00bb]Vacas, Ovejas, Cabras, Camellos[\/mk_fancy_title][\/vc_column][\/vc_row][vc_row fullwidth=\u00bbtrue\u00bb fullwidth_content=\u00bbfalse\u00bb css=\u00bb.vc_custom_1617156567946{padding-top: 35px !important;padding-bottom: 20px !important;}\u00bb][vc_column][vc_column_text disable_pattern=\u00bbfalse\u00bb css=\u00bb.vc_custom_1747637925592{margin-bottom: 0px !important;}\u00bb]<span style=\"color: #5c9731;\">RUMIALFA<\/span> consiste en pacas de alfalfa con un peso de 22 Kg, elaboradas con un proceso especial y exclusivo que reduce las part\u00edculas finas y peque\u00f1as y concentra fibras largas efectivas para estimular la rumia y mejorar la digesti\u00f3n de los animales. La humedad m\u00e1xima es del 12 %. Es <span style=\"color: #5c9731;\">Alfalfa NO transg\u00e9nica<\/span>.<\/p>\n<p>Con la selecci\u00f3n de las mejores alfalfas deshidratadas 100% de fibra larga se elabora <span style=\"color: #5c9731;\">RUMIALFA<\/span>. Un completo y nutritivo alimento natural para animales rumiantes productores de carne y leche. Alimento id\u00f3neo para vacas, ovejas, cabras y camellos.<\/p>\n<p><span style=\"color: #5c9731;\">Alfalfa RUMIALFA<\/span> son productos elaborados por Alfalfa Monegros,S.L,[\/vc_column_text][\/vc_column][\/vc_row][vc_row fullwidth=\u00bbtrue\u00bb fullwidth_content=\u00bbfalse\u00bb css=\u00bb.vc_custom_1617904421385{margin-top: 1px !important;padding-top: 25px !important;padding-bottom: 25px !important;background-color: #80cc28 !important;}\u00bb][vc_column css=\u00bb.vc_custom_1617155832042{padding-top: 0px !important;padding-bottom: 0px !important;}\u00bb][mk_fancy_title tag_name=\u00bbspan\u00bb color=\u00bb#000000&#8243; size=\u00bb16&#8243; font_weight=\u00bb400&#8243; txt_transform=\u00bbnone\u00bb margin_bottom=\u00bb0&#8243; font_family=\u00bbnone\u00bb align=\u00bbcenter\u00bb el_class=\u00bbtitular\u00bb]Alfalfa RUMIALFA es rica en prote\u00ednas, vitaminas y minerales, incrementa la producci\u00f3n de leche y carne y mejora la salud y fertilidad de los animales rumiantes[\/mk_fancy_title][\/vc_column][\/vc_row][vc_row fullwidth=\u00bbtrue\u00bb fullwidth_content=\u00bbfalse\u00bb equal_columns=\u00bbtrue\u00bb attached=\u00bbtrue\u00bb css=\u00bb.vc_custom_1617165730311{margin-top: 1px !important;padding-top: 20px !important;background-color: #ededed !important;}\u00bb][vc_column width=\u00bb1\/3&#8243;][mk_custom_box corner_radius=\u00bb15&#8243; margin_bottom=\u00bb0&#8243; bg_color=\u00bb#cccccc\u00bb][mk_fancy_title tag_name=\u00bbspan\u00bb color=\u00bb#000000&#8243; size=\u00bb22&#8243; margin_bottom=\u00bb0&#8243; font_family=\u00bbnone\u00bb align=\u00bbcenter\u00bb]Pacas f\u00e1cilmente manejables por cualquier persona[\/mk_fancy_title][mk_circle_image src=\u00bbhttps:\/\/www.rumialfa.com\/wp-content\/uploads\/2025\/05\/rumialfa-1.jpg\u00bb image_diameter=\u00bb200&#8243;][mk_button dimension=\u00bbtwo\u00bb corner_style=\u00bbfull_rounded\u00bb size=\u00bblarge\u00bb url=\u00bb\/facil-y-comodo\/\u00bb align=\u00bbcenter\u00bb margin_top=\u00bb10&#8243; margin_bottom=\u00bb0&#8243; margin_right=\u00bb0&#8243; el_class=\u00bbbtnMasInfo\u00bb bg_color=\u00bb#000000&#8243;]m\u00e1s info[\/mk_button][\/mk_custom_box][\/vc_column][vc_column width=\u00bb1\/3&#8243; css=\u00bb.vc_custom_1617902541718{background-image: url(https:\/\/www.rumialfa.com\/wp-content\/uploads\/2021\/03\/logo.png?id=19) !important;}\u00bb el_class=\u00bbfondoLogo\u00bb offset=\u00bbvc_hidden-xs\u00bb][\/vc_column][vc_column width=\u00bb1\/3&#8243;][mk_custom_box corner_radius=\u00bb15&#8243; margin_bottom=\u00bb0&#8243; bg_color=\u00bb#cccccc\u00bb][mk_fancy_title tag_name=\u00bbspan\u00bb color=\u00bb#000000&#8243; size=\u00bb22&#8243; margin_bottom=\u00bb0&#8243; font_family=\u00bbnone\u00bb align=\u00bbcenter\u00bb]Optimizaci\u00f3n del espacio en transporte y almacenaje[\/mk_fancy_title][mk_circle_image src=\u00bbhttps:\/\/www.rumialfa.com\/wp-content\/uploads\/2021\/03\/image-012.png\u00bb image_diameter=\u00bb200&#8243;][mk_button dimension=\u00bbtwo\u00bb corner_style=\u00bbfull_rounded\u00bb size=\u00bblarge\u00bb url=\u00bb\/facil-y-comodo\/\u00bb align=\u00bbcenter\u00bb margin_top=\u00bb10&#8243; margin_bottom=\u00bb0&#8243; margin_right=\u00bb0&#8243; el_class=\u00bbbtnMasInfo\u00bb bg_color=\u00bb#000000&#8243;]m\u00e1s info[\/mk_button][\/mk_custom_box][\/vc_column][\/vc_row][vc_row fullwidth=\u00bbtrue\u00bb fullwidth_content=\u00bbfalse\u00bb equal_columns=\u00bbtrue\u00bb attached=\u00bbtrue\u00bb css=\u00bb.vc_custom_1617160920387{margin-top: 0px !important;padding-bottom: 20px !important;background-color: #ededed !important;}\u00bb][vc_column width=\u00bb1\/3&#8243; el_class=\u00bbfondoLogo\u00bb css=\u00bb.vc_custom_1617902583329{background-image: url(https:\/\/www.rumialfa.com\/wp-content\/uploads\/2021\/03\/logo.png?id=19) !important;}\u00bb offset=\u00bbvc_hidden-xs\u00bb][\/vc_column][vc_column width=\u00bb1\/3&#8243;][mk_custom_box corner_radius=\u00bb15&#8243; margin_bottom=\u00bb0&#8243; bg_color=\u00bb#cccccc\u00bb][mk_fancy_title tag_name=\u00bbspan\u00bb color=\u00bb#000000&#8243; size=\u00bb22&#8243; margin_bottom=\u00bb0&#8243; font_family=\u00bbnone\u00bb align=\u00bbcenter\u00bb]9 variedades con distintas composiciones y mezclas[\/mk_fancy_title][mk_circle_image src=\u00bbhttps:\/\/www.rumialfa.com\/wp-content\/uploads\/2021\/03\/producto2-1.jpg\u00bb image_diameter=\u00bb200&#8243;][mk_button dimension=\u00bbtwo\u00bb corner_style=\u00bbfull_rounded\u00bb size=\u00bblarge\u00bb url=\u00bb\/variedades\/\u00bb align=\u00bbcenter\u00bb margin_top=\u00bb10&#8243; margin_bottom=\u00bb0&#8243; margin_right=\u00bb0&#8243; el_class=\u00bbbtnMasInfo\u00bb bg_color=\u00bb#000000&#8243;]m\u00e1s info[\/mk_button][\/mk_custom_box][\/vc_column][vc_column width=\u00bb1\/3&#8243; el_class=\u00bbfondoLogo\u00bb css=\u00bb.vc_custom_1617902591081{background-image: url(https:\/\/www.rumialfa.com\/wp-content\/uploads\/2021\/03\/logo.png?id=19) !important;}\u00bb offset=\u00bbvc_hidden-xs\u00bb][\/vc_column][\/vc_row][vc_row fullwidth=\u00bbtrue\u00bb fullwidth_content=\u00bbfalse\u00bb css=\u00bb.vc_custom_1616605387336{background-image: url(https:\/\/www.rumialfa.com\/wp-content\/uploads\/2021\/03\/temporal2.jpg?id=339) !important;background-position: center !important;background-repeat: no-repeat !important;background-size: cover !important;}\u00bb][vc_column][mk_padding_divider size=\u00bb350&#8243;][\/vc_column][\/vc_row]\n","protected":false},"excerpt":{"rendered":"<p>[vc_row fullwidth=\u00bbtrue\u00bb fullwidth_content=\u00bbfalse\u00bb equal_columns=\u00bbtrue\u00bb css=\u00bb.vc_custom_1619052597207{padding-top: 40px !important;padding-bottom: 40px !important;background: #efefef url(https:\/\/www.rumialfa.com\/wp-content\/uploads\/2021\/04\/foto-alfalfa.jpg?id=1094) !important;background-position: center !important;background-repeat: no-repeat !important;background-size: cover !important;}\u00bb][vc_column width=\u00bb1\/2&#8243; css=\u00bb.vc_custom_1617155181025{padding-top: 5px !important;padding-right: 30px !important;padding-bottom: 10px !important;padding-left: 30px !important;background-color: rgba(255,255,255,0.46) !important;*background-color: rgb(255,255,255) !important;}\u00bb][mk_fancy_title strip_tags=\u00bbtrue\u00bb tag_name=\u00bbspan\u00bb color=\u00bb#ffffff\u00bb size=\u00bb28&#8243; force_font_size=\u00bbtrue\u00bb size_smallscreen=\u00bb20&#8243; size_tablet=\u00bb20&#8243; size_phone=\u00bb20&#8243; margin_bottom=\u00bb0&#8243; font_family=\u00bbnone\u00bb responsive_align=\u00bbleft\u00bb el_class=\u00bbtitleQue\u00bb]Qu\u00e9 es Rumialfa[\/mk_fancy_title][mk_fancy_title color=\u00bb#000000&#8243; size=\u00bb30&#8243; force_font_size=\u00bbtrue\u00bb size_smallscreen=\u00bb28&#8243; size_tablet=\u00bb28&#8243; size_phone=\u00bb28&#8243; font_family=\u00bbnone\u00bb responsive_align=\u00bbleft\u00bb]PACA PEQUE\u00d1A [&hellip;]<\/p>\n","protected":false},"author":1,"featured_media":0,"parent":0,"menu_order":0,"comment_status":"closed","ping_status":"closed","template":"","meta":{"footnotes":""},"class_list":["post-642","page","type-page","status-publish","hentry"],"_links":{"self":[{"href":"https:\/\/www.rumialfa.com\/es\/wp-json\/wp\/v2\/pages\/642","targetHints":{"allow":["GET"]}}],"collection":[{"href":"https:\/\/www.rumialfa.com\/es\/wp-json\/wp\/v2\/pages"}],"about":[{"href":"https:\/\/www.rumialfa.com\/es\/wp-json\/wp\/v2\/types\/page"}],"author":[{"embeddable":true,"href":"https:\/\/www.rumialfa.com\/es\/wp-json\/wp\/v2\/users\/1"}],"replies":[{"embeddable":true,"href":"https:\/\/www.rumialfa.com\/es\/wp-json\/wp\/v2\/comments?post=642"}],"version-history":[{"count":158,"href":"https:\/\/www.rumialfa.com\/es\/wp-json\/wp\/v2\/pages\/642\/revisions"}],"predecessor-version":[{"id":2183,"href":"https:\/\/www.rumialfa.com\/es\/wp-json\/wp\/v2\/pages\/642\/revisions\/2183"}],"wp:attachment":[{"href":"https:\/\/www.rumialfa.com\/es\/wp-json\/wp\/v2\/media?parent=642"}],"curies":[{"name":"wp","href":"https:\/\/api.w.org\/{rel}","templated":true}]}}