{"id":1308,"date":"2021-05-24T16:32:37","date_gmt":"2021-05-24T14:32:37","guid":{"rendered":"https:\/\/www.rumialfa.com\/?page_id=1308"},"modified":"2025-05-19T14:06:29","modified_gmt":"2025-05-19T12:06:29","slug":"varietes","status":"publish","type":"page","link":"https:\/\/www.rumialfa.com\/fr\/varietes\/","title":{"rendered":"Vari\u00e9t\u00e9s Rumialfa"},"content":{"rendered":"[vc_row fullwidth=\u00a0\u00bbtrue\u00a0\u00bb fullwidth_content=\u00a0\u00bbfalse\u00a0\u00bb css=\u00a0\u00bb.vc_custom_1616605387336{background-image: url(https:\/\/www.rumialfa.com\/wp-content\/uploads\/2021\/03\/temporal2.jpg?id=339) !important;background-position: center !important;background-repeat: no-repeat !important;background-size: cover !important;}\u00a0\u00bb][vc_column][mk_fancy_title tag_name=\u00a0\u00bbh1&Prime; color=\u00a0\u00bb#ffffff\u00a0\u00bb size=\u00a0\u00bb36&Prime; font_weight=\u00a0\u00bb400&Prime; margin_top=\u00a0\u00bb240&Prime; margin_bottom=\u00a0\u00bb0&Prime; font_family=\u00a0\u00bbnone\u00a0\u00bb drop_shadow=\u00a0\u00bbtrue\u00a0\u00bb shadow_color=\u00a0\u00bb#000000&Prime;]Vari\u00e9t\u00e9s Rumialfa[\/mk_fancy_title][\/vc_column][\/vc_row][vc_row fullwidth=\u00a0\u00bbtrue\u00a0\u00bb fullwidth_content=\u00a0\u00bbfalse\u00a0\u00bb css=\u00a0\u00bb.vc_custom_1616608215253{padding-top: 35px !important;padding-bottom: 20px !important;background-color: #ededed !important;}\u00a0\u00bb][vc_column][vc_column_text disable_pattern=\u00a0\u00bbfalse\u00a0\u00bb css=\u00a0\u00bb.vc_custom_1621864257665{margin-bottom: 0px !important;}\u00a0\u00bb]La luzerne <span style=\"color: #5c9731;\">RUMIALFA<\/span> est riche en prot\u00e9ines, vitamines et min\u00e9raux. Elle augmente la production de lait et de viande, et am\u00e9liore la sant\u00e9 et la fertilit\u00e9 des ruminants.<\/p>\n<p>Notre exp\u00e9rience dans la production et la transformation de la luzerne, associ\u00e9e \u00e0 une recherche permanente, nous permet d\u2019offrir une grande vari\u00e9t\u00e9 de balles de Luzerne <span style=\"color: #5c9731;\">RUMIALFA<\/span> qui s\u2019adapte aux besoins de chaque \u00e9levage.<\/p>\n<p>Nous avons cr\u00e9\u00e9 9 vari\u00e9t\u00e9s de balles <span style=\"color: #5c9731;\">RUMIALFA<\/span>, avec diff\u00e9rentes compositions et m\u00e9langes de produits naturels pour chaque type d\u2019alimentation animale.<br \/>\n[\/vc_column_text][\/vc_column][\/vc_row][vc_row][vc_column width=\u00a0\u00bb1\/3&Prime; el_class=\u00a0\u00bbitemProducto\u00a0\u00bb][vc_raw_html css=\u00a0\u00bb.vc_custom_1616603611893{margin-top: 0px !important;margin-bottom: 0px !important;padding-top: 0px !important;padding-bottom: 0px !important;}\u00a0\u00bb el_class=\u00a0\u00bbproductoNumero\u00a0\u00bb]JTNDcCUzRTElM0MlMkZwJTNF[\/vc_raw_html][vc_single_image image=\u00a0\u00bb245&Prime; img_size=\u00a0\u00bbfull\u00a0\u00bb alignment=\u00a0\u00bbcenter\u00a0\u00bb][vc_column_text disable_pattern=\u00a0\u00bbfalse\u00a0\u00bb align=\u00a0\u00bbcenter\u00a0\u00bb el_class=\u00a0\u00bbdescripcionProducto\u00a0\u00bb css=\u00a0\u00bb.vc_custom_1621859210495{margin-bottom: 0px !important;}\u00a0\u00bb]70% luzerne couleur verte.<\/p>\n<p>30% luzerne en granul\u00e9s.<\/p>\n<p><span style=\"color: #5c9731;\">18,5% prot\u00e9ines.<\/span>[\/vc_column_text][\/vc_column][vc_column width=\u00a0\u00bb1\/3&Prime; el_class=\u00a0\u00bbitemProducto\u00a0\u00bb][vc_raw_html css=\u00a0\u00bb.vc_custom_1616603617449{margin-top: 0px !important;margin-bottom: 0px !important;padding-top: 0px !important;padding-bottom: 0px !important;}\u00a0\u00bb el_class=\u00a0\u00bbproductoNumero\u00a0\u00bb]JTNDcCUzRTIlM0MlMkZwJTNF[\/vc_raw_html][vc_single_image image=\u00a0\u00bb238&Prime; img_size=\u00a0\u00bbfull\u00a0\u00bb alignment=\u00a0\u00bbcenter\u00a0\u00bb][vc_column_text disable_pattern=\u00a0\u00bbfalse\u00a0\u00bb align=\u00a0\u00bbcenter\u00a0\u00bb el_class=\u00a0\u00bbdescripcionProducto\u00a0\u00bb css=\u00a0\u00bb.vc_custom_1621859217010{margin-bottom: 0px !important;}\u00a0\u00bb]70% luzerne couleur verte.<\/p>\n<p>30% luzerne en granul\u00e9s.<\/p>\n<p><span style=\"color: #5c9731;\">17% prot\u00e9ines.<\/span>[\/vc_column_text][\/vc_column][vc_column width=\u00a0\u00bb1\/3&Prime; el_class=\u00a0\u00bbitemProducto\u00a0\u00bb][vc_raw_html css=\u00a0\u00bb.vc_custom_1616603623293{margin-top: 0px !important;margin-bottom: 0px !important;padding-top: 0px !important;padding-bottom: 0px !important;}\u00a0\u00bb el_class=\u00a0\u00bbproductoNumero\u00a0\u00bb]JTNDcCUzRTMlM0MlMkZwJTNF[\/vc_raw_html][vc_single_image image=\u00a0\u00bb231&Prime; img_size=\u00a0\u00bbfull\u00a0\u00bb alignment=\u00a0\u00bbcenter\u00a0\u00bb][vc_column_text disable_pattern=\u00a0\u00bbfalse\u00a0\u00bb align=\u00a0\u00bbcenter\u00a0\u00bb el_class=\u00a0\u00bbdescripcionProducto\u00a0\u00bb css=\u00a0\u00bb.vc_custom_1621859052534{margin-bottom: 0px !important;}\u00a0\u00bb]Luzerne couleur verte.<\/p>\n<p><span style=\"color: #5c9731;\">17% prot\u00e9ines.<\/span>[\/vc_column_text][\/vc_column][\/vc_row][vc_row][vc_column width=\u00a0\u00bb1\/3&Prime; el_class=\u00a0\u00bbitemProducto\u00a0\u00bb][vc_raw_html css=\u00a0\u00bb.vc_custom_1616603629210{margin-top: 0px !important;margin-bottom: 0px !important;padding-top: 0px !important;padding-bottom: 0px !important;}\u00a0\u00bb el_class=\u00a0\u00bbproductoNumero\u00a0\u00bb]JTNDcCUzRTQlM0MlMkZwJTNF[\/vc_raw_html][vc_single_image image=\u00a0\u00bb252&Prime; img_size=\u00a0\u00bbfull\u00a0\u00bb alignment=\u00a0\u00bbcenter\u00a0\u00bb][vc_column_text disable_pattern=\u00a0\u00bbfalse\u00a0\u00bb align=\u00a0\u00bbcenter\u00a0\u00bb el_class=\u00a0\u00bbdescripcionProducto\u00a0\u00bb css=\u00a0\u00bb.vc_custom_1621859084260{margin-bottom: 0px !important;}\u00a0\u00bb]Luzerne couleur verte et jaune.<\/p>\n<p><span style=\"color: #5c9731;\">17% prot\u00e9ines.<\/span>[\/vc_column_text][\/vc_column][vc_column width=\u00a0\u00bb1\/3&Prime; el_class=\u00a0\u00bbitemProducto\u00a0\u00bb][vc_raw_html css=\u00a0\u00bb.vc_custom_1616603636915{margin-top: 0px !important;margin-bottom: 0px !important;padding-top: 0px !important;padding-bottom: 0px !important;}\u00a0\u00bb el_class=\u00a0\u00bbproductoNumero\u00a0\u00bb]JTNDcCUzRTUlM0MlMkZwJTNF[\/vc_raw_html][vc_single_image image=\u00a0\u00bb259&Prime; img_size=\u00a0\u00bbfull\u00a0\u00bb alignment=\u00a0\u00bbcenter\u00a0\u00bb][vc_column_text disable_pattern=\u00a0\u00bbfalse\u00a0\u00bb align=\u00a0\u00bbcenter\u00a0\u00bb el_class=\u00a0\u00bbdescripcionProducto\u00a0\u00bb css=\u00a0\u00bb.vc_custom_1621859227600{margin-bottom: 0px !important;}\u00a0\u00bb]70% luzerne couleur verte et jaune.<\/p>\n<p>30% luzerne en granul\u00e9s.<\/p>\n<p><span style=\"color: #5c9731;\">17% prot\u00e9ines.<\/span>[\/vc_column_text][\/vc_column][vc_column width=\u00a0\u00bb1\/3&Prime; el_class=\u00a0\u00bbitemProducto\u00a0\u00bb][vc_raw_html css=\u00a0\u00bb.vc_custom_1616603642082{margin-top: 0px !important;margin-bottom: 0px !important;padding-top: 0px !important;padding-bottom: 0px !important;}\u00a0\u00bb el_class=\u00a0\u00bbproductoNumero\u00a0\u00bb]JTNDcCUzRTYlM0MlMkZwJTNF[\/vc_raw_html][vc_single_image image=\u00a0\u00bb266&Prime; img_size=\u00a0\u00bbfull\u00a0\u00bb alignment=\u00a0\u00bbcenter\u00a0\u00bb][vc_column_text disable_pattern=\u00a0\u00bbfalse\u00a0\u00bb align=\u00a0\u00bbcenter\u00a0\u00bb el_class=\u00a0\u00bbdescripcionProducto\u00a0\u00bb css=\u00a0\u00bb.vc_custom_1621859274861{margin-bottom: 0px !important;}\u00a0\u00bb]60% luzerne de seconde qualit\u00e9.<\/p>\n<p>40% paille d\u2019orge.<\/p>\n<p><span style=\"color: #5c9731;\">11% prot\u00e9ines.<\/span>[\/vc_column_text][\/vc_column][\/vc_row][vc_row equal_columns=\u00a0\u00bbtrue\u00a0\u00bb][vc_column width=\u00a0\u00bb1\/3&Prime; el_class=\u00a0\u00bbitemProducto\u00a0\u00bb][vc_raw_html css=\u00a0\u00bb.vc_custom_1616603647944{margin-top: 0px !important;margin-bottom: 0px !important;padding-top: 0px !important;padding-bottom: 0px !important;}\u00a0\u00bb el_class=\u00a0\u00bbproductoNumero\u00a0\u00bb]JTNDcCUzRTclM0MlMkZwJTNF[\/vc_raw_html][vc_single_image image=\u00a0\u00bb273&Prime; img_size=\u00a0\u00bbfull\u00a0\u00bb alignment=\u00a0\u00bbcenter\u00a0\u00bb][vc_column_text disable_pattern=\u00a0\u00bbfalse\u00a0\u00bb align=\u00a0\u00bbcenter\u00a0\u00bb el_class=\u00a0\u00bbdescripcionProducto\u00a0\u00bb css=\u00a0\u00bb.vc_custom_1621859285083{margin-bottom: 0px !important;}\u00a0\u00bb]35% luzerne de seconde qualit\u00e9.<\/p>\n<p>35% paille d\u2019orge.<\/p>\n<p>30% luzerne en granul\u00e9s.<\/p>\n<p><span style=\"color: #5c9731;\">11% prot\u00e9ines.<\/span>[\/vc_column_text][\/vc_column][vc_column width=\u00a0\u00bb1\/3&Prime; el_class=\u00a0\u00bbitemProducto\u00a0\u00bb][vc_raw_html css=\u00a0\u00bb.vc_custom_1617891593424{margin-top: 0px !important;margin-bottom: 0px !important;padding-top: 0px !important;padding-bottom: 0px !important;}\u00a0\u00bb el_class=\u00a0\u00bbproductoNumero\u00a0\u00bb]JTNDcCUzRTglM0MlMkZwJTNF[\/vc_raw_html][vc_single_image image=\u00a0\u00bb280&Prime; img_size=\u00a0\u00bbfull\u00a0\u00bb alignment=\u00a0\u00bbcenter\u00a0\u00bb][vc_column_text disable_pattern=\u00a0\u00bbfalse\u00a0\u00bb align=\u00a0\u00bbcenter\u00a0\u00bb el_class=\u00a0\u00bbdescripcionProducto\u00a0\u00bb css=\u00a0\u00bb.vc_custom_1621859189163{margin-bottom: 0px !important;}\u00a0\u00bb]Paille d\u2019orge. Deux types.<\/p>\n<p><span style=\"color: #5c9731;\">3,7% prot\u00e9ines.<\/span><\/p>\n<p><span style=\"color: #5c9731;\">5% prot\u00e9ines.<\/span>[\/vc_column_text][\/vc_column][vc_column width=\u00a0\u00bb1\/3&Prime; el_class=\u00a0\u00bbitemProducto\u00a0\u00bb][vc_raw_html css=\u00a0\u00bb.vc_custom_1616603662796{margin-top: 0px !important;margin-bottom: 0px !important;padding-top: 0px !important;padding-bottom: 0px !important;}\u00a0\u00bb el_class=\u00a0\u00bbproductoNumero\u00a0\u00bb]JTNDcCUzRTklM0MlMkZwJTNF[\/vc_raw_html][vc_single_image image=\u00a0\u00bb287&Prime; img_size=\u00a0\u00bbfull\u00a0\u00bb alignment=\u00a0\u00bbcenter\u00a0\u00bb][vc_column_text disable_pattern=\u00a0\u00bbfalse\u00a0\u00bb align=\u00a0\u00bbcenter\u00a0\u00bb el_class=\u00a0\u00bbdescripcionProducto\u00a0\u00bb css=\u00a0\u00bb.vc_custom_1621859247314{margin-bottom: 0px !important;}\u00a0\u00bb]70% paille d\u2019orge.<\/p>\n<p>30% luzerne en granul\u00e9s.<\/p>\n<p><span style=\"color: #5c9731;\">6,5% prot\u00e9ines.<\/span>[\/vc_column_text][\/vc_column][\/vc_row][vc_row fullwidth=\u00a0\u00bbtrue\u00a0\u00bb fullwidth_content=\u00a0\u00bbfalse\u00a0\u00bb equal_columns=\u00a0\u00bbtrue\u00a0\u00bb css=\u00a0\u00bb.vc_custom_1619052546833{padding-top: 40px !important;padding-bottom: 40px !important;background: #efefef url(https:\/\/www.rumialfa.com\/wp-content\/uploads\/2021\/04\/foto-alfalfa.jpg?id=1094) !important;background-position: center !important;background-repeat: no-repeat !important;background-size: cover !important;}\u00a0\u00bb][vc_column width=\u00a0\u00bb1\/2&Prime; css=\u00a0\u00bb.vc_custom_1617897035137{padding-top: 5px !important;padding-right: 30px !important;padding-bottom: 10px !important;padding-left: 30px !important;background-color: rgba(255,255,255,0.46) !important;*background-color: rgb(255,255,255) !important;}\u00a0\u00bb][mk_fancy_title strip_tags=\u00a0\u00bbtrue\u00a0\u00bb color=\u00a0\u00bb#ffffff\u00a0\u00bb size=\u00a0\u00bb26&Prime; force_font_size=\u00a0\u00bbtrue\u00a0\u00bb size_smallscreen=\u00a0\u00bb20&Prime; size_tablet=\u00a0\u00bb20&Prime; size_phone=\u00a0\u00bb20&Prime; margin_bottom=\u00a0\u00bb0&Prime; font_family=\u00a0\u00bbnone\u00a0\u00bb responsive_align=\u00a0\u00bbleft\u00a0\u00bb el_class=\u00a0\u00bbtitleFormato\u00a0\u00bb]Format de pr\u00e9sentation[\/mk_fancy_title][mk_fancy_title color=\u00a0\u00bb#000000&Prime; size=\u00a0\u00bb32&Prime; force_font_size=\u00a0\u00bbtrue\u00a0\u00bb size_smallscreen=\u00a0\u00bb28&Prime; size_tablet=\u00a0\u00bb28&Prime; size_phone=\u00a0\u00bb28&Prime; font_family=\u00a0\u00bbnone\u00a0\u00bb responsive_align=\u00a0\u00bbleft\u00a0\u00bb]PETITE BALLE DE LUZERNE<br \/>\nPoids 22 kg.[\/mk_fancy_title][vc_column_text disable_pattern=\u00a0\u00bbfalse\u00a0\u00bb el_class=\u00a0\u00bbdescripcionFicha\u00a0\u00bb css=\u00a0\u00bb.vc_custom_1621858922221{margin-bottom: 0px !important;}\u00a0\u00bb]Processus sp\u00e9cial de fabrication qui r\u00e9duit les petites particules fines, et concentre de longues fibres efficaces pour stimuler<br \/>\nle ruminement et am\u00e9liorer la digestion.<\/p>\n<p>Luzerne d\u00e9shydrat\u00e9e 100\u00a0% fibres longues.<\/p>\n<p>Humidit\u00e9 maximale 12%. Luzerne non transg\u00e9nique.[\/vc_column_text][\/vc_column][vc_column width=\u00a0\u00bb1\/2&Prime; css=\u00a0\u00bb.vc_custom_1617897023252{padding-top: 25px !important;padding-right: 25px !important;padding-bottom: 10px !important;padding-left: 25px !important;background-color: rgba(255,255,255,0.52) !important;*background-color: rgb(255,255,255) !important;}\u00a0\u00bb][vc_single_image image=\u00a0\u00bb2096&Prime; img_size=\u00a0\u00bbfull\u00a0\u00bb alignment=\u00a0\u00bbcenter\u00a0\u00bb css=\u00a0\u00bb.vc_custom_1747656374111{margin-top: 36px !important;}\u00a0\u00bb][\/vc_column][\/vc_row]\n","protected":false},"excerpt":{"rendered":"<p>[vc_row fullwidth=\u00a0\u00bbtrue\u00a0\u00bb fullwidth_content=\u00a0\u00bbfalse\u00a0\u00bb css=\u00a0\u00bb.vc_custom_1616605387336{background-image: url(https:\/\/www.rumialfa.com\/wp-content\/uploads\/2021\/03\/temporal2.jpg?id=339) !important;background-position: center !important;background-repeat: no-repeat !important;background-size: cover !important;}\u00a0\u00bb][vc_column][mk_fancy_title tag_name=\u00a0\u00bbh1&Prime; color=\u00a0\u00bb#ffffff\u00a0\u00bb size=\u00a0\u00bb36&Prime; font_weight=\u00a0\u00bb400&Prime; margin_top=\u00a0\u00bb240&Prime; margin_bottom=\u00a0\u00bb0&Prime; font_family=\u00a0\u00bbnone\u00a0\u00bb drop_shadow=\u00a0\u00bbtrue\u00a0\u00bb shadow_color=\u00a0\u00bb#000000&Prime;]Vari\u00e9t\u00e9s Rumialfa[\/mk_fancy_title][\/vc_column][\/vc_row][vc_row fullwidth=\u00a0\u00bbtrue\u00a0\u00bb fullwidth_content=\u00a0\u00bbfalse\u00a0\u00bb css=\u00a0\u00bb.vc_custom_1616608215253{padding-top: 35px !important;padding-bottom: 20px !important;background-color: #ededed !important;}\u00a0\u00bb][vc_column][vc_column_text disable_pattern=\u00a0\u00bbfalse\u00a0\u00bb css=\u00a0\u00bb.vc_custom_1621864257665{margin-bottom: 0px !important;}\u00a0\u00bb]La luzerne RUMIALFA est riche en prot\u00e9ines, vitamines et min\u00e9raux. Elle augmente la production de lait et de viande, et am\u00e9liore [&hellip;]<\/p>\n","protected":false},"author":1,"featured_media":0,"parent":0,"menu_order":0,"comment_status":"closed","ping_status":"closed","template":"","meta":{"footnotes":""},"class_list":["post-1308","page","type-page","status-publish","hentry"],"_links":{"self":[{"href":"https:\/\/www.rumialfa.com\/fr\/wp-json\/wp\/v2\/pages\/1308","targetHints":{"allow":["GET"]}}],"collection":[{"href":"https:\/\/www.rumialfa.com\/fr\/wp-json\/wp\/v2\/pages"}],"about":[{"href":"https:\/\/www.rumialfa.com\/fr\/wp-json\/wp\/v2\/types\/page"}],"author":[{"embeddable":true,"href":"https:\/\/www.rumialfa.com\/fr\/wp-json\/wp\/v2\/users\/1"}],"replies":[{"embeddable":true,"href":"https:\/\/www.rumialfa.com\/fr\/wp-json\/wp\/v2\/comments?post=1308"}],"version-history":[{"count":6,"href":"https:\/\/www.rumialfa.com\/fr\/wp-json\/wp\/v2\/pages\/1308\/revisions"}],"predecessor-version":[{"id":2113,"href":"https:\/\/www.rumialfa.com\/fr\/wp-json\/wp\/v2\/pages\/1308\/revisions\/2113"}],"wp:attachment":[{"href":"https:\/\/www.rumialfa.com\/fr\/wp-json\/wp\/v2\/media?parent=1308"}],"curies":[{"name":"wp","href":"https:\/\/api.w.org\/{rel}","templated":true}]}}