{"id":1315,"date":"2021-05-26T21:08:31","date_gmt":"2021-05-26T19:08:31","guid":{"rendered":"https:\/\/www.rumialfa.com\/?page_id=1315"},"modified":"2025-05-19T17:48:29","modified_gmt":"2025-05-19T15:48:29","slug":"images-et-telechargements","status":"publish","type":"page","link":"https:\/\/www.rumialfa.com\/fr\/images-et-telechargements\/","title":{"rendered":"Galerie d\u2019images et t\u00e9l\u00e9chargements"},"content":{"rendered":"[vc_row fullwidth=\u00a0\u00bbtrue\u00a0\u00bb fullwidth_content=\u00a0\u00bbfalse\u00a0\u00bb css=\u00a0\u00bb.vc_custom_1618518818174{background-color: #565656 !important;}\u00a0\u00bb][vc_column css=\u00a0\u00bb.vc_custom_1616715356058{border-right-width: 5px !important;border-left-width: 5px !important;background-color: #ffffff !important;border-left-color: #ffffff !important;border-left-style: solid !important;border-right-color: #ffffff !important;border-right-style: solid !important;}\u00a0\u00bb][mk_gallery images=\u00a0\u00bb2139,2155,2131,2147,76,77,78,68,1012,1020&Prime; style=\u00a0\u00bbstyle3&Prime; margin_bottom=\u00a0\u00bb0&Prime; orderby=\u00a0\u00bbpost__in\u00a0\u00bb][\/vc_column][\/vc_row][vc_row fullwidth=\u00a0\u00bbtrue\u00a0\u00bb css=\u00a0\u00bb.vc_custom_1618518907357{padding-top: 40px !important;padding-bottom: 40px !important;background-color: #565656 !important;}\u00a0\u00bb][vc_column][mk_fancy_title color=\u00a0\u00bb#ffffff\u00a0\u00bb size=\u00a0\u00bb22&Prime; margin_top=\u00a0\u00bb20&Prime; font_family=\u00a0\u00bbnone\u00a0\u00bb align=\u00a0\u00bbcenter\u00a0\u00bb]DOCUMENTS \u00c0 T\u00c9L\u00c9CHARGER[\/mk_fancy_title][vc_btn title=\u00a0\u00bbFiche Rumialfa format PDF\u00a0\u00bb color=\u00a0\u00bbsuccess\u00a0\u00bb size=\u00a0\u00bblg\u00a0\u00bb align=\u00a0\u00bbcenter\u00a0\u00bb i_icon_fontawesome=\u00a0\u00bbfar fa-file-pdf\u00a0\u00bb add_icon=\u00a0\u00bbtrue\u00a0\u00bb link=\u00a0\u00bburl:https%3A%2F%2Fwww.rumialfa.com%2Fwp-content%2Fuploads%2F2021%2F06%2Frumialfa_fr.pdf|title:Rumialfa|target:_blank\u00a0\u00bb][\/vc_column][\/vc_row]\n","protected":false},"excerpt":{"rendered":"<p>[vc_row fullwidth=\u00a0\u00bbtrue\u00a0\u00bb fullwidth_content=\u00a0\u00bbfalse\u00a0\u00bb css=\u00a0\u00bb.vc_custom_1618518818174{background-color: #565656 !important;}\u00a0\u00bb][vc_column css=\u00a0\u00bb.vc_custom_1616715356058{border-right-width: 5px !important;border-left-width: 5px !important;background-color: #ffffff !important;border-left-color: #ffffff !important;border-left-style: solid !important;border-right-color: #ffffff !important;border-right-style: solid !important;}\u00a0\u00bb][mk_gallery images=\u00a0\u00bb2139,2155,2131,2147,76,77,78,68,1012,1020&Prime; style=\u00a0\u00bbstyle3&Prime; margin_bottom=\u00a0\u00bb0&Prime; orderby=\u00a0\u00bbpost__in\u00a0\u00bb][\/vc_column][\/vc_row][vc_row fullwidth=\u00a0\u00bbtrue\u00a0\u00bb css=\u00a0\u00bb.vc_custom_1618518907357{padding-top: 40px !important;padding-bottom: 40px !important;background-color: #565656 !important;}\u00a0\u00bb][vc_column][mk_fancy_title color=\u00a0\u00bb#ffffff\u00a0\u00bb size=\u00a0\u00bb22&Prime; margin_top=\u00a0\u00bb20&Prime; font_family=\u00a0\u00bbnone\u00a0\u00bb align=\u00a0\u00bbcenter\u00a0\u00bb]DOCUMENTS \u00c0 T\u00c9L\u00c9CHARGER[\/mk_fancy_title][vc_btn title=\u00a0\u00bbFiche Rumialfa format PDF\u00a0\u00bb color=\u00a0\u00bbsuccess\u00a0\u00bb size=\u00a0\u00bblg\u00a0\u00bb align=\u00a0\u00bbcenter\u00a0\u00bb i_icon_fontawesome=\u00a0\u00bbfar fa-file-pdf\u00a0\u00bb add_icon=\u00a0\u00bbtrue\u00a0\u00bb link=\u00a0\u00bburl:https%3A%2F%2Fwww.rumialfa.com%2Fwp-content%2Fuploads%2F2021%2F06%2Frumialfa_fr.pdf|title:Rumialfa|target:_blank\u00a0\u00bb][\/vc_column][\/vc_row]<\/p>\n","protected":false},"author":1,"featured_media":0,"parent":0,"menu_order":0,"comment_status":"closed","ping_status":"closed","template":"","meta":{"footnotes":""},"class_list":["post-1315","page","type-page","status-publish","hentry"],"_links":{"self":[{"href":"https:\/\/www.rumialfa.com\/fr\/wp-json\/wp\/v2\/pages\/1315","targetHints":{"allow":["GET"]}}],"collection":[{"href":"https:\/\/www.rumialfa.com\/fr\/wp-json\/wp\/v2\/pages"}],"about":[{"href":"https:\/\/www.rumialfa.com\/fr\/wp-json\/wp\/v2\/types\/page"}],"author":[{"embeddable":true,"href":"https:\/\/www.rumialfa.com\/fr\/wp-json\/wp\/v2\/users\/1"}],"replies":[{"embeddable":true,"href":"https:\/\/www.rumialfa.com\/fr\/wp-json\/wp\/v2\/comments?post=1315"}],"version-history":[{"count":9,"href":"https:\/\/www.rumialfa.com\/fr\/wp-json\/wp\/v2\/pages\/1315\/revisions"}],"predecessor-version":[{"id":2171,"href":"https:\/\/www.rumialfa.com\/fr\/wp-json\/wp\/v2\/pages\/1315\/revisions\/2171"}],"wp:attachment":[{"href":"https:\/\/www.rumialfa.com\/fr\/wp-json\/wp\/v2\/media?parent=1315"}],"curies":[{"name":"wp","href":"https:\/\/api.w.org\/{rel}","templated":true}]}}