{"id":1444,"date":"2021-05-24T20:59:03","date_gmt":"2021-05-24T18:59:03","guid":{"rendered":"https:\/\/www.rumialfa.com\/?page_id=1444"},"modified":"2021-05-26T21:39:37","modified_gmt":"2021-05-26T19:39:37","slug":"mentions-legales","status":"publish","type":"page","link":"https:\/\/www.rumialfa.com\/fr\/mentions-legales\/","title":{"rendered":"Mentions l\u00e9gales"},"content":{"rendered":"[vc_row][vc_column][vc_column_text css=\u00a0\u00bb.vc_custom_1621881830069{margin-bottom: 0px !important;}\u00a0\u00bb]Conform\u00e9ment \u00e0 l\u2019art. 10 de la Loi 34\/2002, du 11 juillet, sur les Services de la soci\u00e9t\u00e9 de l\u2019information et du commerce \u00e9lectronique (LSSI+CE), nous vous informons que\u00a0:<\/p>\n<p>Le titulaire du site www.rumialfa.com est\u00a0:<\/p>\n<p>Raison sociale\u00a0: Alfalfa Monegros S.L.<br \/>\nCIF\u00a0: B22213664<br \/>\nDomicile\u00a0: Ctra. de Zaragoza. 22200 Sari\u00f1ena \u2022 Huesca \u2022 Espagne<br \/>\nContact\u00a0: <a href=\"mailto:alfalfamonegros@alfalfamonegros.com\">alfalfamonegros@alfalfamonegros.com<\/a><br \/>\nSoci\u00e9t\u00e9 immatricul\u00e9e au Registre du commerce de Huesca, Tome 370, Livre 203, Section\u00a0: 8\u00aa, Folio 98, Feuille HU-4515, 4e inscription.<\/p>\n<h2>Vos donn\u00e9es<\/h2>\n<p>Les informations ou donn\u00e9es personnelles fournies par l\u2019utilisateur seront trait\u00e9es conform\u00e9ment aux dispositions des Politiques de protection des donn\u00e9es. L\u2019utilisateur d\u00e9clare que toutes les informations ou donn\u00e9es fournies sont v\u00e9ridiques et correspondent \u00e0 la r\u00e9alit\u00e9.<\/p>\n<h2>Confidentialit\u00e9\/Protection des donn\u00e9es personnelles<\/h2>\n<p>ALFALFA MONEGROS S.L. satisfait aux lignes directrices du R\u00e8glement g\u00e9n\u00e9ral sur la protection des donn\u00e9es (R\u00e8glement (UE) 2016\/679) et autre r\u00e9glementation en vigueur \u00e0 tout moment, et veille \u00e0 garantir une bonne utilisation et un traitement correct des donn\u00e9es personnelles de l\u2019utilisateur.<\/p>\n<p>Pour ce faire, avec chaque formulaire de collecte de donn\u00e9es personnelles, l\u2019utilisateur sera inform\u00e9 de l\u2019existence et de l\u2019acceptation des conditions particuli\u00e8res du traitement de ses donn\u00e9es dans chaque cas, en lui indiquant la personne responsable du traitement r\u00e9alis\u00e9, l\u2019adresse du responsable, la possibilit\u00e9 d\u2019exercer ses droits d\u2019acc\u00e8s, de rectification, de suppression, d\u2019opposition, de limitation et de portabilit\u00e9, la finalit\u00e9 du traitement et les communications de donn\u00e9es \u00e0 des tiers, le cas \u00e9ch\u00e9ant.<\/p>\n<p>ALFALFA MONEGROS S.L. cr\u00e9atrice du site Web informe \u00e9galement qu\u2019elle respecte la Loi 34\/2002, du 11 juillet, sur les Services de la soci\u00e9t\u00e9 de l\u2019information et du commerce \u00e9lectronique, et demandera \u00e0 l\u2019utilisateur son consentement au traitement de son courrier \u00e9lectronique \u00e0 des fins commerciales \u00e0 tout moment.<\/p>\n<h2>Mineurs<\/h2>\n<p>Le contenu du site Web est destin\u00e9 aux personnes majeures. ALFALFA MONEGROS S.L. ne vise pas \u00e0 obtenir de donn\u00e9es de mineurs. Si ALFALFA MONEGROS S.L. prend connaissance qu\u2019il existe des donn\u00e9es personnelles d\u2019un mineur dans son fichier, elle proc\u00e9dera imm\u00e9diatement \u00e0 l\u2019annulation de ces donn\u00e9es.<\/p>\n<h2>Obligations de l\u2019utilisateur<\/h2>\n<p>L\u2019utilisateur devra respecter \u00e0 tout moment les conditions g\u00e9n\u00e9rales \u00e9tablies par le site Web.<\/p>\n<p>L\u2019utilisateur utilisera le site Web avec diligence et en assumant toute responsabilit\u00e9 pouvant d\u00e9couler du non-respect des conditions g\u00e9n\u00e9rales du site Web.<\/p>\n<p>L\u2019utilisateur ne pourra pas utiliser le site Web pour transmettre, stocker, divulguer, promouvoir ou distribuer des donn\u00e9es ou du contenu contenant des virus ou tout autre code informatique, fichiers ou programmes con\u00e7us pour interrompre, d\u00e9truire ou nuire au fonctionnement de tout programme, ou \u00e9quipement informatique ou de t\u00e9l\u00e9communication.<\/p>\n<h2>Propri\u00e9t\u00e9 industrielle et intellectuelle<\/h2>\n<p>ALFALFA MONEGROS S.L. en elle-m\u00eame ou en tant que cessionnaire, est titulaire de tous les droits de propri\u00e9t\u00e9 intellectuelle et industrielle de son site Web, ainsi que des \u00e9l\u00e9ments qui y figurent (\u00e0 titre indicatif, images, son, audio, vid\u00e9o, logiciels ou textes; marques ou logos, combinaisons de couleurs, structure et conception, s\u00e9lection de mat\u00e9riaux utilis\u00e9s, programmes d\u2019ordinateur n\u00e9cessaires \u00e0 son fonctionnement, acc\u00e8s et utilisation, etc.).<\/p>\n<p>En vertu des dispositions des articles 8 et 32.1, deuxi\u00e8me paragraphe, de La loi sur la Propri\u00e9t\u00e9 intellectuelle, la reproduction, la distribution et la communication publique, y compris sa modalit\u00e9 de mise \u00e0 disposition, de la totalit\u00e9 ou d\u2019une partie du contenu de ce site Web, \u00e0 des fins commerciales, sur tout support et par tout moyen technique, sont strictement interdites sans l\u2019autorisation d\u2019ALFALFA MONEGROS SL. Tous droits r\u00e9serv\u00e9s.<\/p>\n<p>L\u2019UTILISATEUR s\u2019engage \u00e0 respecter les droits de Propri\u00e9t\u00e9 intellectuelle et industrielle dont ALFALFA MONEGROS S.L. est titulaire. Vous pourrez visualiser les \u00e9l\u00e9ments du portail et m\u00eame les imprimer, les copier et les stocker sur le disque dur de votre ordinateur ou sur tout autre support physique \u00e0 condition que ce soit uniquement et exclusivement pour votre usage personnel et priv\u00e9. L\u2019UTILISATEUR devra s\u2019abstenir de supprimer, alt\u00e9rer, \u00e9luder ou manipuler tout dispositif de protection ou syst\u00e8me de s\u00e9curit\u00e9 install\u00e9 sur les sites d\u2019ALFALFA MONEGROS S.L.<\/p>\n<h2>Droit d\u2019exclusion<\/h2>\n<p>ALFALFA MONEGROS S.L. se r\u00e9serve le droit de refuser ou de retirer l\u2019acc\u00e8s au portail et\/ou aux services offerts sans besoin de pr\u00e9avis, \u00e0 sa propre demande ou par un tiers, aux utilisateurs qui ne respectent pas les Conditions d\u2019utilisation du portail.<\/p>\n<p>ALFALFA MONEGROS S.L. poursuivra le non-respect des Conditions d\u2019utilisation du portail, ainsi que toute utilisation indue de son portail, en exer\u00e7ant toutes les actions civiles et p\u00e9nales qui pourraient lui correspondre en droit.<\/p>\n<h2>Modifications et liens<\/h2>\n<p>ALFALFA MONEGROS S.L. se r\u00e9serve le droit d\u2019apporter, sans pr\u00e9avis, les modifications qu\u2019il jugera appropri\u00e9es sur son site Web, en pouvant modifier, supprimer ou ajouter aussi bien du contenu et des services qu\u2019il fournit que la mani\u00e8re dont ils apparaissent pr\u00e9sent\u00e9s ou localis\u00e9s.<\/p>\n<p>ALFALFA MONEGROS S.L. n\u2019est pas responsable de l\u2019utilisation abusive r\u00e9alis\u00e9e du contenu de son site Web, \u00e9tant la personne qui y acc\u00e8de ou l\u2019utilise le seule responsable.<\/p>\n<p>Si des liens ou hyperliens vers d\u2019autres sites Web sont install\u00e9s sur www.rumialfa.com, ALFALFA MONEGROS S.L., cr\u00e9atrice du site Web n\u2019exercera aucun type de contr\u00f4le sur ces sites et contenus. En aucun cas, ALFALFA MONEGROS S.L., cr\u00e9atrice du site Web n\u2019assumera de responsabilit\u00e9 quant au contenu de certain lien appartenant \u00e0 un site Web tiers, ni ne garantira la disponibilit\u00e9 technique, la qualit\u00e9, la fiabilit\u00e9, l\u2019exactitude, l\u2019\u00e9tendue, la v\u00e9racit\u00e9, la validit\u00e9 et la constitutionnalit\u00e9 de tout mat\u00e9riel ou information figurant dans l\u2019un de ces hyperliens ou d\u2019autres sites Web. L\u2019inclusion de ces connexions externes n\u2019impliquera pas non plus un type d\u2019association, de fusion ou de participation avec les entit\u00e9s connect\u00e9es.<\/p>\n<h2>Loi applicable et juridiction comp\u00e9tente<\/h2>\n<p>Les conditions d\u2019utilisation du site Web figurant dans ces Mentions l\u00e9gales, ainsi que les relations entre l\u2019utilisateur et ALFALFA MONEGROS S.L., seront r\u00e9gies et interpr\u00e9t\u00e9es conform\u00e9ment aux lois espagnoles. Pour la r\u00e9solution de tout conflit qui pourrait survenir, l\u2019utilisateur et ALFALFA MONEGROS S.L. se soumettent express\u00e9ment \u00e0 la comp\u00e9tence, et \u00e0 la comp\u00e9tence des cours et tribunaux de la ville de HUESCA, renon\u00e7ant express\u00e9ment \u00e0 toute autre juridiction qui pourrait leur correspondre.[\/vc_column_text][\/vc_column][\/vc_row]\n","protected":false},"excerpt":{"rendered":"<p>[vc_row][vc_column][vc_column_text css=\u00a0\u00bb.vc_custom_1621881830069{margin-bottom: 0px !important;}\u00a0\u00bb]Conform\u00e9ment \u00e0 l\u2019art. 10 de la Loi 34\/2002, du 11 juillet, sur les Services de la soci\u00e9t\u00e9 de l\u2019information et du commerce \u00e9lectronique (LSSI+CE), nous vous informons que\u00a0: Le titulaire du site www.rumialfa.com est\u00a0: Raison sociale\u00a0: Alfalfa Monegros S.L. CIF\u00a0: B22213664 Domicile\u00a0: Ctra. de Zaragoza. 22200 Sari\u00f1ena \u2022 Huesca \u2022 Espagne Contact\u00a0: [&hellip;]<\/p>\n","protected":false},"author":1,"featured_media":0,"parent":0,"menu_order":0,"comment_status":"closed","ping_status":"closed","template":"","meta":{"footnotes":""},"class_list":["post-1444","page","type-page","status-publish","hentry"],"_links":{"self":[{"href":"https:\/\/www.rumialfa.com\/fr\/wp-json\/wp\/v2\/pages\/1444","targetHints":{"allow":["GET"]}}],"collection":[{"href":"https:\/\/www.rumialfa.com\/fr\/wp-json\/wp\/v2\/pages"}],"about":[{"href":"https:\/\/www.rumialfa.com\/fr\/wp-json\/wp\/v2\/types\/page"}],"author":[{"embeddable":true,"href":"https:\/\/www.rumialfa.com\/fr\/wp-json\/wp\/v2\/users\/1"}],"replies":[{"embeddable":true,"href":"https:\/\/www.rumialfa.com\/fr\/wp-json\/wp\/v2\/comments?post=1444"}],"version-history":[{"count":2,"href":"https:\/\/www.rumialfa.com\/fr\/wp-json\/wp\/v2\/pages\/1444\/revisions"}],"predecessor-version":[{"id":1446,"href":"https:\/\/www.rumialfa.com\/fr\/wp-json\/wp\/v2\/pages\/1444\/revisions\/1446"}],"wp:attachment":[{"href":"https:\/\/www.rumialfa.com\/fr\/wp-json\/wp\/v2\/media?parent=1444"}],"curies":[{"name":"wp","href":"https:\/\/api.w.org\/{rel}","templated":true}]}}