{"id":1450,"date":"2021-05-24T20:57:55","date_gmt":"2021-05-24T18:57:55","guid":{"rendered":"https:\/\/www.rumialfa.com\/?page_id=1450"},"modified":"2021-05-26T21:39:52","modified_gmt":"2021-05-26T19:39:52","slug":"protection-des-donnees","status":"publish","type":"page","link":"https:\/\/www.rumialfa.com\/fr\/protection-des-donnees\/","title":{"rendered":"Protection des donn\u00e9es"},"content":{"rendered":"[vc_row][vc_column][vc_column_text css=\u00a0\u00bb.vc_custom_1621882255263{margin-bottom: 0px !important;}\u00a0\u00bb]ALFALFA MONEGROS S.L. Conform\u00e9ment aux dispositions du R\u00e8glement g\u00e9n\u00e9ral sur la protection des donn\u00e9es (RGPD 2016\/679), informe les utilisateurs du site Web www.rumialfa.com\u00a0:<\/p>\n<h2>Qui est le responsable du traitement de vos donn\u00e9es\u00a0?<\/h2>\n<p>Les donn\u00e9es fournies par l\u2019utilisateur \u00e0 travers les formulaires de ce site Web seront incorpor\u00e9es dans des traitements dont le responsable est ALFALFA MONEGROS S.L. avec CIF B22213664, domicili\u00e9e \u00e0 des fins de notification Ctra. de Zaragoza. 22200 Sari\u00f1ena \u2022 Huesca \u2022 Espagne<br \/>\nVous pouvez contacter par e-mail alfalfamonegros@alfalfamonegros.com<\/p>\n<h2>Dans quel but collectons-nous vos donn\u00e9es et avec quelle base juridique pour les traiter\u00a0?<\/h2>\n<p><strong>FORMULAIRE DE CONTACT<\/strong><\/p>\n<table>\n<tbody>\n<tr>\n<td colspan=\"2\"><strong>OBJECTIF<\/strong><\/td>\n<td><strong>BASE JURIDIQUE<\/strong><\/td>\n<\/tr>\n<tr>\n<td colspan=\"2\">Pour pouvoir r\u00e9pondre aux questions pos\u00e9es et envoyer \u00e0 l\u2019utilisateur les informations demand\u00e9es via le courrier \u00e9lectronique ou le num\u00e9ro de t\u00e9l\u00e9phone indiqu\u00e9 dans le formulaire.<\/td>\n<td>C\u2019est le consentement de l\u2019utilisateur<\/td>\n<\/tr>\n<tr>\n<td>Facturation des services demand\u00e9s, le cas \u00e9ch\u00e9ant<\/td>\n<td colspan=\"2\">ALFALFA MONEGROS S.L. a pour obligation l\u00e9gale de satisfaire \u00e0 ses obligations fiscales et tributaires<\/td>\n<\/tr>\n<\/tbody>\n<\/table>\n<p><strong>COURRIER \u00c9LECTRONIQUE<\/strong><\/p>\n<table>\n<tbody>\n<tr>\n<td><strong>OBJECTIF<\/strong><\/td>\n<td><strong>BASE JURIDIQUE<\/strong><\/td>\n<\/tr>\n<tr>\n<td>Si l\u2019utilisateur entre en contact via le courrier \u00e9lectronique publi\u00e9 sur ce site Web, ses donn\u00e9es seront trait\u00e9es pour r\u00e9pondre aux questions pos\u00e9es et pour pouvoir lui envoyer les informations demand\u00e9es via le courrier \u00e9lectronique par lequel la demande est re\u00e7ue.<\/td>\n<td>Il est de l&rsquo;int\u00e9r\u00eat l\u00e9gitime de notre entreprise de r\u00e9pondre aux communications re\u00e7ues<\/td>\n<\/tr>\n<\/tbody>\n<\/table>\n<h2>Quelle cat\u00e9gorie de donn\u00e9es traitons-nous\u00a0?<\/h2>\n<p>Les donn\u00e9es collect\u00e9es, \u00e0 titre indicatif mais non limitatif, se rapportent \u00e0 la cat\u00e9gorie de donn\u00e9es d\u2019identification, telles que\u00a0: Nom et pr\u00e9nom, t\u00e9l\u00e9phone, adresse postale, entreprise, courrier \u00e9lectronique, ainsi que l\u2019adresse IP \u00e0 partir de laquelle vous acc\u00e9dez au formulaire de collecte des donn\u00e9es.<\/p>\n<h2>Combien de temps conservons-nous vos donn\u00e9es\u00a0?<\/h2>\n<p><strong>DONN\u00c9ES PERSONNELLES FORMULAIRES SITE WEB<\/strong><\/p>\n<p>Les donn\u00e9es collect\u00e9es via les formulaires de notre site Web seront conserv\u00e9es tant que l\u2019utilisateur n\u2019en demande pas la suppression.<\/p>\n<h2>R\u00e9alisons-nous des profils avec vos donn\u00e9es\u00a0?<\/h2>\n<p>Aucune d\u00e9cision automatis\u00e9e ne sera prise et aucun profil ne sera r\u00e9alis\u00e9.<\/p>\n<h2>\u00c0 qui transf\u00e8rerons-nous vos donn\u00e9es\u00a0?<\/h2>\n<p>Aucun transfert de donn\u00e9es ou transfert international de vos donn\u00e9es n\u2019est pr\u00e9vu, \u00e0 l\u2019exception de ceux autoris\u00e9s par la l\u00e9gislation fiscale, commerciale et de t\u00e9l\u00e9communication, ainsi que dans les cas o\u00f9 une autorit\u00e9 judiciaire l\u2019exige.<\/p>\n<h2>Quels tiers fournissent des services sur ce site Web\u00a0?<\/h2>\n<p>Les fournisseurs de services suivants sont utilis\u00e9s pour le d\u00e9veloppement de ce site Web\u00a0:<\/p>\n<p>Hosting\u00a0: Les serveurs sur lesquels notre site Web est h\u00e9berg\u00e9 sont situ\u00e9s dans l&rsquo;UE. Il utilise des protocoles s\u00e9curis\u00e9s afin que la communication des donn\u00e9es se fasse \u00e0 travers un canal crypt\u00e9.<\/p>\n<h2>Quels droits avez-vous et comment les exercer\u00a0?<\/h2>\n<p>L\u2019utilisateur a le droit d\u2019acc\u00e9der \u00e0 ses donn\u00e9es personnelles, de demander la rectification de celles qui sont inexactes, ainsi que leur suppression lorsque, entre autres raisons, elles ne sont plus n\u00e9cessaires aux fins pour lesquelles elles ont \u00e9t\u00e9 collect\u00e9es. Dans certaines circonstances, vous pourrez \u00e9galement demander la limitation de leur traitement, auquel cas elles ne seront conserv\u00e9es que pour l&rsquo;exercice ou la d\u00e9fense face \u00e0 des r\u00e9clamations, ainsi que pour demander la portabilit\u00e9 de vos donn\u00e9es. Pour des raisons li\u00e9es \u00e0 votre situation particuli\u00e8re, vous pourrez vous opposer \u00e0 leur traitement et ALFALFA MONEGROS S.L. cessera de les traiter, sauf pour des raisons l\u00e9gitimes imp\u00e9rieuses, ou l\u2019exercice ou la d\u00e9fense d\u2019\u00e9ventuelles r\u00e9clamations.<\/p>\n<p>Le demandeur pourra r\u00e9voquer les consentements donn\u00e9s \u00e0 tout moment. Le demandeur pourra exercer ses droits via le courrier \u00e9lectronique alfalfamonegros@alfalfamonegros.com ou dans les bureaux situ\u00e9s \u00e0 Ctra. De Zaragoza. 22200 Sari\u00f1ena \u2022 Huesca \u2022 Espagne en joignant une photocopie de sa carte nationale d\u2019identit\u00e9 et indiquant le droit exerc\u00e9. Vous pourrez \u00e9galement d\u00e9poser une r\u00e9clamation aupr\u00e8s de l\u2019Agence espagnole de protection des donn\u00e9es.<\/p>\n<h2>Quelles mesures de s\u00e9curit\u00e9 avons-nous mis en \u0153uvre\u00a0?<\/h2>\n<p>Dans le cadre de notre engagement \u00e0 garantir la s\u00e9curit\u00e9 et la confidentialit\u00e9 de vos donn\u00e9es \u00e0 caract\u00e8re personnel, nous vous informons que les mesures de nature technique et organisationnelle n\u00e9cessaires ont \u00e9t\u00e9 adopt\u00e9es afin de garantir la s\u00e9curit\u00e9 des donn\u00e9es \u00e0 caract\u00e8re personnel et d&rsquo;\u00e9viter leur alt\u00e9ration, perte, traitement ou acc\u00e8s non autoris\u00e9, en tenant compte de l&rsquo;\u00e9tat de la technologie, la nature des donn\u00e9es stock\u00e9es et les risques auxquels elles sont expos\u00e9es, conform\u00e9ment \u00e0 l\u2019Art. 32 du RGPD UE 679\/2016.<\/p>\n[\/vc_column_text][\/vc_column][\/vc_row]\n","protected":false},"excerpt":{"rendered":"<p>[vc_row][vc_column][vc_column_text css=\u00a0\u00bb.vc_custom_1621882255263{margin-bottom: 0px !important;}\u00a0\u00bb]ALFALFA MONEGROS S.L. Conform\u00e9ment aux dispositions du R\u00e8glement g\u00e9n\u00e9ral sur la protection des donn\u00e9es (RGPD 2016\/679), informe les utilisateurs du site Web www.rumialfa.com\u00a0: Qui est le responsable du traitement de vos donn\u00e9es\u00a0? Les donn\u00e9es fournies par l\u2019utilisateur \u00e0 travers les formulaires de ce site Web seront incorpor\u00e9es dans des traitements dont le [&hellip;]<\/p>\n","protected":false},"author":1,"featured_media":0,"parent":0,"menu_order":0,"comment_status":"closed","ping_status":"closed","template":"","meta":{"footnotes":""},"class_list":["post-1450","page","type-page","status-publish","hentry"],"_links":{"self":[{"href":"https:\/\/www.rumialfa.com\/fr\/wp-json\/wp\/v2\/pages\/1450","targetHints":{"allow":["GET"]}}],"collection":[{"href":"https:\/\/www.rumialfa.com\/fr\/wp-json\/wp\/v2\/pages"}],"about":[{"href":"https:\/\/www.rumialfa.com\/fr\/wp-json\/wp\/v2\/types\/page"}],"author":[{"embeddable":true,"href":"https:\/\/www.rumialfa.com\/fr\/wp-json\/wp\/v2\/users\/1"}],"replies":[{"embeddable":true,"href":"https:\/\/www.rumialfa.com\/fr\/wp-json\/wp\/v2\/comments?post=1450"}],"version-history":[{"count":2,"href":"https:\/\/www.rumialfa.com\/fr\/wp-json\/wp\/v2\/pages\/1450\/revisions"}],"predecessor-version":[{"id":1452,"href":"https:\/\/www.rumialfa.com\/fr\/wp-json\/wp\/v2\/pages\/1450\/revisions\/1452"}],"wp:attachment":[{"href":"https:\/\/www.rumialfa.com\/fr\/wp-json\/wp\/v2\/media?parent=1450"}],"curies":[{"name":"wp","href":"https:\/\/api.w.org\/{rel}","templated":true}]}}