{"id":1457,"date":"2021-05-24T21:08:58","date_gmt":"2021-05-24T19:08:58","guid":{"rendered":"https:\/\/www.rumialfa.com\/?page_id=1457"},"modified":"2021-05-26T21:39:45","modified_gmt":"2021-05-26T19:39:45","slug":"politique-de-cookies","status":"publish","type":"page","link":"https:\/\/www.rumialfa.com\/fr\/politique-de-cookies\/","title":{"rendered":"Politique de cookies"},"content":{"rendered":"[vc_row][vc_column][vc_column_text css=\u00a0\u00bb.vc_custom_1621883291142{margin-bottom: 0px !important;}\u00a0\u00bb]\n<h2>1.- PR\u00c9AMBULE<\/h2>\n<p>Conform\u00e9ment \u00e0 la r\u00e9glementation espagnole qui r\u00e9git l\u2019utilisation des cookies, nous vous informons des cookies utilis\u00e9s sur ce site.<\/p>\n<h2>2.- QUE SONT LES COOKIES\u00a0?<\/h2>\n<p>Un cookie est un fichier t\u00e9l\u00e9charg\u00e9 sur l\u2019ordinateur de l\u2019utilisateur lors de l\u2019acc\u00e8s \u00e0 certaines pages Web. Les cookies permettent, entre autres, de stocker et de r\u00e9cup\u00e9rer des informations sur les habitudes de navigation de l\u2019utilisateur, ou de personnaliser la fa\u00e7on dont le contenu est affich\u00e9.<\/p>\n<h2>3.- TYPES DE COOKIES<\/h2>\n<p>Les cookies peuvent \u00eatre class\u00e9s de la fa\u00e7on suivante\u00a0:<\/p>\n<p><strong>Cookies selon l\u2019entit\u00e9 qui les g\u00e8re\u00a0:<\/strong><\/p>\n<p>1.- <strong>Cookies propres\u00a0<\/strong>: Ce sont ceux qui sont envoy\u00e9s \u00e0 l\u2019\u00e9quipement terminal de l\u2019utilisateur depuis un ordinateur ou un domaine g\u00e9r\u00e9 par l\u2019\u00e9diteur lui-m\u00eame et \u00e0 partir duquel le service demand\u00e9 par l\u2019utilisateur est fourni.<\/p>\n<p>2.- <strong>Cookies de tiers\u00a0:<\/strong> Ce sont ceux qui sont envoy\u00e9s \u00e0 l\u2019\u00e9quipement terminal de l\u2019utilisateur \u00e0 partir d\u2019un ordinateur ou d\u2019un domaine qui n\u2019est pas g\u00e9r\u00e9 par l\u2019\u00e9diteur, mais par une autre entit\u00e9 qui traite les donn\u00e9es obtenues gr\u00e2ce aux cookies.<\/p>\n<p><strong>Cookies selon la finalit\u00e9\u00a0:<\/strong><\/p>\n<p>1.- <strong>Cookies techniques<\/strong>\u00a0: ce sont ceux qui permettent \u00e0 l\u2019utilisateur de naviguer \u00e0 travers un site Web, une plateforme ou une application et l\u2019utilisation des diff\u00e9rentes options ou services qui y existent, y compris ceux que l\u2019\u00e9diteur utilise pour autoriser la gestion et l\u2019exploitation du site Web, et activer ses fonctions et services.<\/p>\n<p>2.- <strong>Cookies de pr\u00e9f\u00e9rence ou personnalisation\u00a0<\/strong>: ce sont ceux qui permettent de se souvenir des informations afin que l\u2019utilisateur acc\u00e8de au service avec certaines caract\u00e9ristiques qui peuvent diff\u00e9rer son exp\u00e9rience de celle des autres utilisateurs.<\/p>\n<p>3.-<strong> Cookies d\u2019analyse ou de m\u00e9diation<\/strong>\u00a0: Ce sont ceux qui permettent au responsable de surveiller et d\u2019analyser le comportement des utilisateurs des sites Web auxquels ils sont li\u00e9s. 4<\/p>\n<p>4.-<strong> Cookies de publicit\u00e9 comportementale\u00a0<\/strong>: Ce sont ceux qui permettent la gestion, de la mani\u00e8re la plus efficace possible, des espaces publicitaires que, le cas \u00e9ch\u00e9ant, l\u2019\u00e9diteur a inclus sur un site Web, une application ou une plateforme \u00e0 partir de laquelle le service demand\u00e9 est fourni. Ces cookies stockent des informations sur le comportement des utilisateurs obtenues \u00e0 travers l\u2019observation continue de leurs habitudes de navigation, ce qui permet le d\u00e9veloppement d\u2019un profil sp\u00e9cifique pour afficher des publicit\u00e9s en fonction de celui-ci. Il est \u00e9galement possible que lors de la visite d\u2019un site Web ou lors de l\u2019ouverture d\u2019un e-mail dans lequel une publicit\u00e9 ou une promotion sur nos produits ou services est publi\u00e9e, un cookie soit install\u00e9 dans votre navigateur nous aidant \u00e0 vous montrer ult\u00e9rieurement de la publicit\u00e9 li\u00e9e \u00e0 la recherche que vous avez r\u00e9alis\u00e9e, d\u00e9velopper un contr\u00f4le de nos annonces connexes, par exemple, avec le nombre de fois qu\u2019elles sont vues, o\u00f9 elles apparaissent, \u00e0 quelle heure elles sont vues, etc.<\/p>\n<p><strong>Cookies en fonction de la dur\u00e9e pendant laquelle ils restent activ\u00e9s\u00a0:<\/strong><\/p>\n<p>1.- <strong>Cookies de session<\/strong>\u00a0: ce sont ceux con\u00e7us pour collecter et stocker des donn\u00e9es pendant que l\u2019utilisateur acc\u00e8de \u00e0 un site Web. Ils sont employ\u00e9s pour stocker des informations qui ne doivent \u00eatre conserv\u00e9es que pour la prestation du service sollicit\u00e9 par l\u2019utilisateur \u00e0 une seule occasion et ils disparaissent \u00e0 la fin de la session.<\/p>\n<p>2.- <strong>Cookies persistants<\/strong>\u00a0: ce sont ceux dans lesquels les donn\u00e9es restent stock\u00e9es dans le terminal, et peuvent \u00eatre consult\u00e9es et trait\u00e9es pendant une p\u00e9riode d\u00e9finie, qui peut aller de quelques minutes \u00e0 plusieurs ann\u00e9es.<\/p>\n<h2>4.- TYPES DE COOKIES UTILIS\u00c9S PAR CE SITE WEB<\/h2>\n<p>Le site Web www.rumialfa.com n\u2019utilise pas de cookies pour recueillir des informations aupr\u00e8s des utilisateurs. Seuls les cookies propres, de session, \u00e0 finalit\u00e9 technique (ceux qui permettent \u00e0 l\u2019utilisateur de naviguer sur le site Web et d\u2019utiliser les diff\u00e9rentes options et services qui y existent &#8211; affichage de la carte de localisation) sont utilis\u00e9s.<\/p>\n<h2>5.- ANNULATION ET SUPPRESSION DES COOKIES<\/h2>\n<p>Lorsque vous acc\u00e9dez \u00e0 notre site Web pour la premi\u00e8re fois, vous pourrez accepter ou refuser l\u2019utilisation de tous nos cookies ou si vous le pr\u00e9f\u00e9rez, vous pourrez acc\u00e9der \u00e0 la configuration et accepter les cookies en fonction de leur type, \u00e0 l\u2019exception des cookies techniques, qui sont exempt\u00e9s du consentement de l\u2019utilisateur. Vous pourrez modifier vos pr\u00e9f\u00e9rences \u00e0 tout moment en acc\u00e9dant \u00e0 notre panneau de configuration.<\/p>\n<p>En outre, vous pouvez acc\u00e9der aux param\u00e8tres de votre navigateur pour restreindre, bloquer ou supprimer les cookies, en suivant l\u2019une des proc\u00e9dures suivantes, qui d\u00e9pend du navigateur que vous utilisez\u00a0:<\/p>\n<p><strong>Google Chrome<\/strong><br \/>\nhttps:\/\/support.google.com\/chrome\/answer\/95647?hl=es<\/p>\n<p><strong>Microsoft Internet Explorer<\/strong><br \/>\nhttp:\/\/windows.microsoft.com\/es-es\/internet-explorer\/delete-manage-cookies#ie=ie-9<\/p>\n<p><strong>Firefox<\/strong><br \/>\nhttp:\/\/support.mozilla.org\/es\/kb\/habilitar-y-deshabilitar-cookies-que-los-sitios-we<\/p>\n<p><strong>Safari, iPad et iPhone<\/strong><br \/>\nhttp:\/\/www.apple.com\/es\/privacy\/use-of-cookies\/<\/p>\n<p><strong>Opera<\/strong><br \/>\nhttp:\/\/help.opera.com\/Linux\/10.60\/es-ES\/cookies.html[\/vc_column_text][\/vc_column][\/vc_row]\n","protected":false},"excerpt":{"rendered":"<p>[vc_row][vc_column][vc_column_text css=\u00a0\u00bb.vc_custom_1621883291142{margin-bottom: 0px !important;}\u00a0\u00bb] 1.- PR\u00c9AMBULE Conform\u00e9ment \u00e0 la r\u00e9glementation espagnole qui r\u00e9git l\u2019utilisation des cookies, nous vous informons des cookies utilis\u00e9s sur ce site. 2.- QUE SONT LES COOKIES\u00a0? Un cookie est un fichier t\u00e9l\u00e9charg\u00e9 sur l\u2019ordinateur de l\u2019utilisateur lors de l\u2019acc\u00e8s \u00e0 certaines pages Web. Les cookies permettent, entre autres, de stocker et [&hellip;]<\/p>\n","protected":false},"author":1,"featured_media":0,"parent":0,"menu_order":0,"comment_status":"closed","ping_status":"closed","template":"","meta":{"footnotes":""},"class_list":["post-1457","page","type-page","status-publish","hentry"],"_links":{"self":[{"href":"https:\/\/www.rumialfa.com\/fr\/wp-json\/wp\/v2\/pages\/1457","targetHints":{"allow":["GET"]}}],"collection":[{"href":"https:\/\/www.rumialfa.com\/fr\/wp-json\/wp\/v2\/pages"}],"about":[{"href":"https:\/\/www.rumialfa.com\/fr\/wp-json\/wp\/v2\/types\/page"}],"author":[{"embeddable":true,"href":"https:\/\/www.rumialfa.com\/fr\/wp-json\/wp\/v2\/users\/1"}],"replies":[{"embeddable":true,"href":"https:\/\/www.rumialfa.com\/fr\/wp-json\/wp\/v2\/comments?post=1457"}],"version-history":[{"count":3,"href":"https:\/\/www.rumialfa.com\/fr\/wp-json\/wp\/v2\/pages\/1457\/revisions"}],"predecessor-version":[{"id":1460,"href":"https:\/\/www.rumialfa.com\/fr\/wp-json\/wp\/v2\/pages\/1457\/revisions\/1460"}],"wp:attachment":[{"href":"https:\/\/www.rumialfa.com\/fr\/wp-json\/wp\/v2\/media?parent=1457"}],"curies":[{"name":"wp","href":"https:\/\/api.w.org\/{rel}","templated":true}]}}